{"id":1334,"date":"2025-07-17T12:15:29","date_gmt":"2025-07-17T15:15:29","guid":{"rendered":"https:\/\/mwm.com.br\/?post_type=product&#038;p=1334"},"modified":"2025-07-23T10:36:11","modified_gmt":"2025-07-23T13:36:11","slug":"rabetas-mwm-konrad-serie-500-eficiencia-superior-em-propulsao-maritima","status":"publish","type":"product","link":"https:\/\/mwm.com.br\/en\/product\/rabetas-mwm-konrad-serie-500-eficiencia-superior-em-propulsao-maritima\/","title":{"rendered":"Rabetas MWM Konrad S\u00e9rie 500 &#8211; Efici\u00eancia Superior em Propuls\u00e3o Mar\u00edtima"},"content":{"rendered":"","protected":false},"excerpt":{"rendered":"<p>The MWM 500 Series, in collaboration with Konrad, is the ideal choice for those seeking efficient and durable marine propulsion systems. With single or twin propeller options, these sterndrives are designed for fuel economy and simplified maintenance, ensuring superior performance in all conditions.<\/p>","protected":false},"featured_media":1551,"comment_status":"open","ping_status":"closed","template":"","meta":{"_acf_changed":false,"inline_featured_image":false,"slim_seo":{"title":"Rabetas MWM Konrad S\u00e9rie 500 - Efici\u00eancia Superior em Propuls\u00e3o Mar\u00edtima - MWM","description":"A S\u00e9rie 500 da MWM, em colabora\u00e7\u00e3o com a Konrad, \u00e9 a escolha ideal para quem busca sistemas de propuls\u00e3o mar\u00edtima eficientes e dur\u00e1veis. Com op\u00e7\u00f5es de h\u00e9lice si"}},"product_brand":[],"product_cat":[97],"product_tag":[],"class_list":{"0":"post-1334","1":"product","2":"type-product","3":"status-publish","4":"has-post-thumbnail","6":"product_cat-rabetas-aplicacoes-de-trabalho","8":"first","9":"instock","10":"shipping-taxable","11":"product-type-simple"},"acf":[],"_links":{"self":[{"href":"https:\/\/mwm.com.br\/en\/wp-json\/wp\/v2\/product\/1334","targetHints":{"allow":["GET"]}}],"collection":[{"href":"https:\/\/mwm.com.br\/en\/wp-json\/wp\/v2\/product"}],"about":[{"href":"https:\/\/mwm.com.br\/en\/wp-json\/wp\/v2\/types\/product"}],"replies":[{"embeddable":true,"href":"https:\/\/mwm.com.br\/en\/wp-json\/wp\/v2\/comments?post=1334"}],"wp:featuredmedia":[{"embeddable":true,"href":"https:\/\/mwm.com.br\/en\/wp-json\/wp\/v2\/media\/1551"}],"wp:attachment":[{"href":"https:\/\/mwm.com.br\/en\/wp-json\/wp\/v2\/media?parent=1334"}],"wp:term":[{"taxonomy":"product_brand","embeddable":true,"href":"https:\/\/mwm.com.br\/en\/wp-json\/wp\/v2\/product_brand?post=1334"},{"taxonomy":"product_cat","embeddable":true,"href":"https:\/\/mwm.com.br\/en\/wp-json\/wp\/v2\/product_cat?post=1334"},{"taxonomy":"product_tag","embeddable":true,"href":"https:\/\/mwm.com.br\/en\/wp-json\/wp\/v2\/product_tag?post=1334"}],"curies":[{"name":"wp","href":"https:\/\/api.w.org\/{rel}","templated":true}]}}