{"id":1576,"date":"2025-07-25T14:59:38","date_gmt":"2025-07-25T17:59:38","guid":{"rendered":"https:\/\/mwm.com.br\/?post_type=product&#038;p=1576"},"modified":"2025-07-25T14:59:40","modified_gmt":"2025-07-25T17:59:40","slug":"geradores-mwm-potencia-e-confiabilidade","status":"publish","type":"product","link":"https:\/\/mwm.com.br\/en\/product\/geradores-mwm-potencia-e-confiabilidade\/","title":{"rendered":"Geradores MWM &#8211; Pot\u00eancia e Confiabilidade"},"content":{"rendered":"","protected":false},"excerpt":{"rendered":"<p>Equipped with the Series 12 range of 4.8 and 7.2 liter marine engines, MWM marine generator sets offer power from 100kW to 290kW. With state-of-the-art technology and unrivaled quality, they guarantee lower maintenance costs and wide availability of spare parts. In addition, they are the quietest on the domestic market.<\/p>","protected":false},"featured_media":1268,"comment_status":"open","ping_status":"closed","template":"","meta":{"_acf_changed":false,"inline_featured_image":false,"slim_seo":{"title":"Geradores MWM - Pot\u00eancia e Confiabilidade - MWM","description":"Equipados com a linha de motores mar\u00edtimos S\u00e9rie 12 de 4.8 e 7.2 litros, os grupos geradores mar\u00edtimos MWM oferecem pot\u00eancia de 100kW a 290kW. Com tecnologia de"}},"product_brand":[],"product_cat":[18,128],"product_tag":[],"class_list":{"0":"post-1576","1":"product","2":"type-product","3":"status-publish","4":"has-post-thumbnail","6":"product_cat-geradores-e-torres","7":"product_cat-geradores-maritimos-para-aplicacoes-de-lazer","9":"first","10":"instock","11":"shipping-taxable","12":"product-type-simple"},"acf":[],"_links":{"self":[{"href":"https:\/\/mwm.com.br\/en\/wp-json\/wp\/v2\/product\/1576","targetHints":{"allow":["GET"]}}],"collection":[{"href":"https:\/\/mwm.com.br\/en\/wp-json\/wp\/v2\/product"}],"about":[{"href":"https:\/\/mwm.com.br\/en\/wp-json\/wp\/v2\/types\/product"}],"replies":[{"embeddable":true,"href":"https:\/\/mwm.com.br\/en\/wp-json\/wp\/v2\/comments?post=1576"}],"wp:featuredmedia":[{"embeddable":true,"href":"https:\/\/mwm.com.br\/en\/wp-json\/wp\/v2\/media\/1268"}],"wp:attachment":[{"href":"https:\/\/mwm.com.br\/en\/wp-json\/wp\/v2\/media?parent=1576"}],"wp:term":[{"taxonomy":"product_brand","embeddable":true,"href":"https:\/\/mwm.com.br\/en\/wp-json\/wp\/v2\/product_brand?post=1576"},{"taxonomy":"product_cat","embeddable":true,"href":"https:\/\/mwm.com.br\/en\/wp-json\/wp\/v2\/product_cat?post=1576"},{"taxonomy":"product_tag","embeddable":true,"href":"https:\/\/mwm.com.br\/en\/wp-json\/wp\/v2\/product_tag?post=1576"}],"curies":[{"name":"wp","href":"https:\/\/api.w.org\/{rel}","templated":true}]}}