{"id":1577,"date":"2025-07-25T15:04:24","date_gmt":"2025-07-25T18:04:24","guid":{"rendered":"https:\/\/mwm.com.br\/?post_type=product&#038;p=1577"},"modified":"2025-07-25T15:04:25","modified_gmt":"2025-07-25T18:04:25","slug":"geradores-mwm-northern-lights-eficiencia-e-confiabilidade","status":"publish","type":"product","link":"https:\/\/mwm.com.br\/en\/product\/geradores-mwm-northern-lights-eficiencia-e-confiabilidade\/","title":{"rendered":"Geradores MWM Northern Lights &#8211; Efici\u00eancia e Confiabilidade"},"content":{"rendered":"","protected":false},"excerpt":{"rendered":"<p>Northern Lights Gensets are the perfect choice for your marine leisure, offering reliable and efficient power whenever and wherever you need it. With models ranging from 5 to 38kW, they are noted for their reliability and efficiency, ensuring that you never run out of power on the water.<\/p>","protected":false},"featured_media":1266,"comment_status":"open","ping_status":"closed","template":"","meta":{"_acf_changed":false,"inline_featured_image":false,"slim_seo":{"title":"Geradores MWM Northern Lights - Efici\u00eancia e Confiabilidade - MWM","description":"Os geradores Northern Lights s\u00e3o a escolha perfeita para o seu lazer mar\u00edtimo, oferecendo pot\u00eancia confi\u00e1vel e eficiente quando e onde voc\u00ea precisar. Com modelo"}},"product_brand":[],"product_cat":[18,128],"product_tag":[],"class_list":{"0":"post-1577","1":"product","2":"type-product","3":"status-publish","4":"has-post-thumbnail","6":"product_cat-geradores-e-torres","7":"product_cat-geradores-maritimos-para-aplicacoes-de-lazer","9":"first","10":"instock","11":"shipping-taxable","12":"product-type-simple"},"acf":[],"_links":{"self":[{"href":"https:\/\/mwm.com.br\/en\/wp-json\/wp\/v2\/product\/1577","targetHints":{"allow":["GET"]}}],"collection":[{"href":"https:\/\/mwm.com.br\/en\/wp-json\/wp\/v2\/product"}],"about":[{"href":"https:\/\/mwm.com.br\/en\/wp-json\/wp\/v2\/types\/product"}],"replies":[{"embeddable":true,"href":"https:\/\/mwm.com.br\/en\/wp-json\/wp\/v2\/comments?post=1577"}],"wp:featuredmedia":[{"embeddable":true,"href":"https:\/\/mwm.com.br\/en\/wp-json\/wp\/v2\/media\/1266"}],"wp:attachment":[{"href":"https:\/\/mwm.com.br\/en\/wp-json\/wp\/v2\/media?parent=1577"}],"wp:term":[{"taxonomy":"product_brand","embeddable":true,"href":"https:\/\/mwm.com.br\/en\/wp-json\/wp\/v2\/product_brand?post=1577"},{"taxonomy":"product_cat","embeddable":true,"href":"https:\/\/mwm.com.br\/en\/wp-json\/wp\/v2\/product_cat?post=1577"},{"taxonomy":"product_tag","embeddable":true,"href":"https:\/\/mwm.com.br\/en\/wp-json\/wp\/v2\/product_tag?post=1577"}],"curies":[{"name":"wp","href":"https:\/\/api.w.org\/{rel}","templated":true}]}}