{"id":1580,"date":"2025-07-25T15:22:08","date_gmt":"2025-07-25T18:22:08","guid":{"rendered":"https:\/\/mwm.com.br\/?post_type=product&#038;p=1580"},"modified":"2026-01-09T14:40:22","modified_gmt":"2026-01-09T17:40:22","slug":"geradores-mwm-northern-lights-qualidade-e-tecnologia-nautica","status":"publish","type":"product","link":"https:\/\/mwm.com.br\/en\/product\/geradores-mwm-northern-lights-qualidade-e-tecnologia-nautica\/","title":{"rendered":"Geradores MWM Northern Lights &#8211; Qualidade e Tecnologia N\u00e1utica"},"content":{"rendered":"","protected":false},"excerpt":{"rendered":"<p>Discover the MWM and Northern Lights generator sets, representing the most advanced quality, robustness, and technology in the marine segment. With power outputs ranging from 20 to 290kW, they are the ideal choice for those seeking efficiency and reliability.<\/p>","protected":false},"featured_media":2209,"comment_status":"open","ping_status":"closed","template":"","meta":{"_acf_changed":false,"inline_featured_image":false,"slim_seo":{"title":"Geradores MWM Northern Lights - Qualidade e Tecnologia N\u00e1utica - MWM","description":"Descubra os grupos geradores MWM e Northern Lights, representando o que h\u00e1 de mais avan\u00e7ado em qualidade, robustez e tecnologia no segmento n\u00e1utico. Com pot\u00eanci"}},"product_brand":[],"product_cat":[18,129],"product_tag":[],"class_list":{"0":"post-1580","1":"product","2":"type-product","3":"status-publish","4":"has-post-thumbnail","6":"product_cat-geradores-e-torres","7":"product_cat-geradores-maritimos-para-aplicacoes-de-trabalho","9":"first","10":"instock","11":"shipping-taxable","12":"product-type-simple"},"acf":[],"_links":{"self":[{"href":"https:\/\/mwm.com.br\/en\/wp-json\/wp\/v2\/product\/1580","targetHints":{"allow":["GET"]}}],"collection":[{"href":"https:\/\/mwm.com.br\/en\/wp-json\/wp\/v2\/product"}],"about":[{"href":"https:\/\/mwm.com.br\/en\/wp-json\/wp\/v2\/types\/product"}],"replies":[{"embeddable":true,"href":"https:\/\/mwm.com.br\/en\/wp-json\/wp\/v2\/comments?post=1580"}],"wp:featuredmedia":[{"embeddable":true,"href":"https:\/\/mwm.com.br\/en\/wp-json\/wp\/v2\/media\/2209"}],"wp:attachment":[{"href":"https:\/\/mwm.com.br\/en\/wp-json\/wp\/v2\/media?parent=1580"}],"wp:term":[{"taxonomy":"product_brand","embeddable":true,"href":"https:\/\/mwm.com.br\/en\/wp-json\/wp\/v2\/product_brand?post=1580"},{"taxonomy":"product_cat","embeddable":true,"href":"https:\/\/mwm.com.br\/en\/wp-json\/wp\/v2\/product_cat?post=1580"},{"taxonomy":"product_tag","embeddable":true,"href":"https:\/\/mwm.com.br\/en\/wp-json\/wp\/v2\/product_tag?post=1580"}],"curies":[{"name":"wp","href":"https:\/\/api.w.org\/{rel}","templated":true}]}}