{"id":1788,"date":"2025-09-03T17:49:11","date_gmt":"2025-09-03T20:49:11","guid":{"rendered":"https:\/\/mwm.com.br\/?post_type=product&#038;p=1788"},"modified":"2025-09-03T17:49:55","modified_gmt":"2025-09-03T20:49:55","slug":"motores-mwm-4-8l-desempenho-silencioso-e-confiavel","status":"publish","type":"product","link":"https:\/\/mwm.com.br\/en\/product\/motores-mwm-4-8l-desempenho-silencioso-e-confiavel\/","title":{"rendered":"MWM 4.8L Engines \u2013 Quiet and Reliable Performance"},"content":{"rendered":"","protected":false},"excerpt":{"rendered":"<p>The MWM 4.8 engine is known for its efficiency and reliability. With advanced technology, this engine offers powerful performance and economical fuel consumption.<\/p>","protected":false},"featured_media":1253,"comment_status":"open","ping_status":"closed","template":"","meta":{"_acf_changed":false,"inline_featured_image":false,"slim_seo":{"title":"Motores MWM 4.8L - Desempenho Silencioso e Confi\u00e1vel - MWM","description":"O Motor MWM 4.8 \u00e9 conhecido por sua efici\u00eancia e confiabilidade. Com tecnologia avan\u00e7ada, este motor oferece um desempenho poderoso e um consumo de combust\u00edvel"}},"product_brand":[],"product_cat":[17,147],"product_tag":[],"class_list":{"0":"post-1788","1":"product","2":"type-product","3":"status-publish","4":"has-post-thumbnail","6":"product_cat-motores","7":"product_cat-motores-mwm-aplicacoes-de-lazer","9":"first","10":"instock","11":"shipping-taxable","12":"product-type-simple"},"acf":[],"_links":{"self":[{"href":"https:\/\/mwm.com.br\/en\/wp-json\/wp\/v2\/product\/1788","targetHints":{"allow":["GET"]}}],"collection":[{"href":"https:\/\/mwm.com.br\/en\/wp-json\/wp\/v2\/product"}],"about":[{"href":"https:\/\/mwm.com.br\/en\/wp-json\/wp\/v2\/types\/product"}],"replies":[{"embeddable":true,"href":"https:\/\/mwm.com.br\/en\/wp-json\/wp\/v2\/comments?post=1788"}],"wp:featuredmedia":[{"embeddable":true,"href":"https:\/\/mwm.com.br\/en\/wp-json\/wp\/v2\/media\/1253"}],"wp:attachment":[{"href":"https:\/\/mwm.com.br\/en\/wp-json\/wp\/v2\/media?parent=1788"}],"wp:term":[{"taxonomy":"product_brand","embeddable":true,"href":"https:\/\/mwm.com.br\/en\/wp-json\/wp\/v2\/product_brand?post=1788"},{"taxonomy":"product_cat","embeddable":true,"href":"https:\/\/mwm.com.br\/en\/wp-json\/wp\/v2\/product_cat?post=1788"},{"taxonomy":"product_tag","embeddable":true,"href":"https:\/\/mwm.com.br\/en\/wp-json\/wp\/v2\/product_tag?post=1788"}],"curies":[{"name":"wp","href":"https:\/\/api.w.org\/{rel}","templated":true}]}}