{"id":1859,"date":"2025-09-08T20:48:31","date_gmt":"2025-09-08T23:48:31","guid":{"rendered":"https:\/\/mwm.com.br\/?post_type=product&#038;p=1859"},"modified":"2025-09-08T20:49:44","modified_gmt":"2025-09-08T23:49:44","slug":"motores-man-v8-forca-e-robustez","status":"publish","type":"product","link":"https:\/\/mwm.com.br\/en\/product\/motores-man-v8-forca-e-robustez\/","title":{"rendered":"Motores MAN V8 &#8211; For\u00e7a e Robustez"},"content":{"rendered":"<p><span style=\"font-weight: 400;\">Meet the V8 engine, designed to deliver power and robustness to workboats. It guarantees continuous power for the heaviest demands at sea.<\/span><\/p>","protected":false},"excerpt":{"rendered":"<p>Meet the V8 engine, designed to deliver power and robustness to workboats. It guarantees continuous power for the heaviest demands at sea.<\/p>","protected":false},"featured_media":1319,"comment_status":"open","ping_status":"closed","template":"","meta":{"_acf_changed":false,"inline_featured_image":false,"slim_seo":{"title":"Motores MAN V8 - For\u00e7a e Robustez - MWM","description":"Conhe\u00e7a o motor V8, projetado para entregar pot\u00eancia e robustez para as embarca\u00e7\u00f5es de trabalho. Ele \u00e9 a garantia de for\u00e7a cont\u00ednua para as demandas mais pesada"}},"product_brand":[],"product_cat":[17,150,138,139],"product_tag":[],"class_list":{"0":"post-1859","1":"product","2":"type-product","3":"status-publish","4":"has-post-thumbnail","6":"product_cat-motores","7":"product_cat-motores-man-aplicacoes-de-trabalho","8":"product_cat-motores-maritimos","9":"product_cat-aplicacoes-de-trabalho","11":"first","12":"instock","13":"shipping-taxable","14":"product-type-simple"},"acf":[],"_links":{"self":[{"href":"https:\/\/mwm.com.br\/en\/wp-json\/wp\/v2\/product\/1859","targetHints":{"allow":["GET"]}}],"collection":[{"href":"https:\/\/mwm.com.br\/en\/wp-json\/wp\/v2\/product"}],"about":[{"href":"https:\/\/mwm.com.br\/en\/wp-json\/wp\/v2\/types\/product"}],"replies":[{"embeddable":true,"href":"https:\/\/mwm.com.br\/en\/wp-json\/wp\/v2\/comments?post=1859"}],"wp:featuredmedia":[{"embeddable":true,"href":"https:\/\/mwm.com.br\/en\/wp-json\/wp\/v2\/media\/1319"}],"wp:attachment":[{"href":"https:\/\/mwm.com.br\/en\/wp-json\/wp\/v2\/media?parent=1859"}],"wp:term":[{"taxonomy":"product_brand","embeddable":true,"href":"https:\/\/mwm.com.br\/en\/wp-json\/wp\/v2\/product_brand?post=1859"},{"taxonomy":"product_cat","embeddable":true,"href":"https:\/\/mwm.com.br\/en\/wp-json\/wp\/v2\/product_cat?post=1859"},{"taxonomy":"product_tag","embeddable":true,"href":"https:\/\/mwm.com.br\/en\/wp-json\/wp\/v2\/product_tag?post=1859"}],"curies":[{"name":"wp","href":"https:\/\/api.w.org\/{rel}","templated":true}]}}