{"id":1975,"date":"2025-09-24T14:28:44","date_gmt":"2025-09-24T17:28:44","guid":{"rendered":"https:\/\/mwm.com.br\/?post_type=product&#038;p=1975"},"modified":"2025-09-24T17:24:04","modified_gmt":"2025-09-24T20:24:04","slug":"motores-oxe-225-robustez-para-pescaria-copia","status":"publish","type":"product","link":"https:\/\/mwm.com.br\/en\/product\/motores-oxe-225-robustez-para-pescaria-copia\/","title":{"rendered":"OXE 225 Engines \u2013 Robustness for Fishing"},"content":{"rendered":"","protected":false},"excerpt":{"rendered":"<p>Desenvolvido especificamente para uso em pesca, o OXE 225 oferece alto torque e robustez, sem deixar de ser mais sustent\u00e1vel. Com manuten\u00e7\u00e3o simplificada e intervalos de manuten\u00e7\u00e3o estendidos, ele garante que voc\u00ea possa se concentrar no que mais importa &#8211; uma pescaria tranquila e bem-sucedida.<\/p>","protected":false},"featured_media":2003,"comment_status":"open","ping_status":"closed","template":"","meta":{"_acf_changed":false,"inline_featured_image":false,"slim_seo":{"title":"Motores OXE 225 - Robustez para Pescaria - MWM","description":"Desenvolvido especificamente para uso em pesca, o OXE 225 oferece alto torque e robustez, sem deixar de ser mais sustent\u00e1vel. Com manuten\u00e7\u00e3o simplificada e inte"}},"product_brand":[],"product_cat":[26,32,59,20],"product_tag":[],"class_list":{"0":"post-1975","1":"product","2":"type-product","3":"status-publish","4":"has-post-thumbnail","6":"product_cat-lazer","7":"product_cat-motores-aplicacoes-de-lazer","8":"product_cat-motores-oxe","9":"product_cat-solucoes-maritimas","11":"first","12":"instock","13":"shipping-taxable","14":"product-type-simple"},"acf":[],"_links":{"self":[{"href":"https:\/\/mwm.com.br\/en\/wp-json\/wp\/v2\/product\/1975","targetHints":{"allow":["GET"]}}],"collection":[{"href":"https:\/\/mwm.com.br\/en\/wp-json\/wp\/v2\/product"}],"about":[{"href":"https:\/\/mwm.com.br\/en\/wp-json\/wp\/v2\/types\/product"}],"replies":[{"embeddable":true,"href":"https:\/\/mwm.com.br\/en\/wp-json\/wp\/v2\/comments?post=1975"}],"wp:featuredmedia":[{"embeddable":true,"href":"https:\/\/mwm.com.br\/en\/wp-json\/wp\/v2\/media\/2003"}],"wp:attachment":[{"href":"https:\/\/mwm.com.br\/en\/wp-json\/wp\/v2\/media?parent=1975"}],"wp:term":[{"taxonomy":"product_brand","embeddable":true,"href":"https:\/\/mwm.com.br\/en\/wp-json\/wp\/v2\/product_brand?post=1975"},{"taxonomy":"product_cat","embeddable":true,"href":"https:\/\/mwm.com.br\/en\/wp-json\/wp\/v2\/product_cat?post=1975"},{"taxonomy":"product_tag","embeddable":true,"href":"https:\/\/mwm.com.br\/en\/wp-json\/wp\/v2\/product_tag?post=1975"}],"curies":[{"name":"wp","href":"https:\/\/api.w.org\/{rel}","templated":true}]}}