{"id":2046,"date":"2025-10-22T11:49:37","date_gmt":"2025-10-22T14:49:37","guid":{"rendered":"https:\/\/mwm.com.br\/?post_type=product&#038;p=2046"},"modified":"2025-12-01T16:13:21","modified_gmt":"2025-12-01T19:13:21","slug":"sistema-de-tratamento-e-monitoramento-do-biogas-copia","status":"publish","type":"product","link":"https:\/\/mwm.com.br\/en\/product\/sistema-de-tratamento-e-monitoramento-do-biogas-copia\/","title":{"rendered":"BIOGAS TREATMENT AND MONITORING SYSTEM"},"content":{"rendered":"","protected":false},"excerpt":{"rendered":"<p><span style=\"font-weight: 400;\">Developed especially for the adaptation of biogas from agricultural waste, the MWM system results in higher quality biogas, precise control of the plant's operating parameters and an increase in the useful life of equipment, such as MWM generator sets. <\/span><span style=\"font-weight: 400;\"><br \/>\n<\/span><span style=\"font-weight: 400;\"><br \/>\n<\/span><\/p>","protected":false},"featured_media":2108,"comment_status":"open","ping_status":"closed","template":"","meta":{"_acf_changed":false,"inline_featured_image":false,"slim_seo":{"title":"SISTEMA DE TRATAMENTO E MONITORAMENTO DO BIOG\u00c1S - MWM","description":"Desenvolvido especialmente para a adequa\u00e7\u00e3o do biog\u00e1s proveniente de dejetos agropastoris, o sistema MWM resulta em biog\u00e1s de maior qualidade, controle preciso"}},"product_brand":[],"product_cat":[18,30,121],"product_tag":[],"class_list":{"0":"post-2046","1":"product","2":"type-product","3":"status-publish","4":"has-post-thumbnail","6":"product_cat-geradores-e-torres","7":"product_cat-geradores","8":"product_cat-gerador-a-biogas","10":"first","11":"instock","12":"shipping-taxable","13":"product-type-simple"},"acf":[],"_links":{"self":[{"href":"https:\/\/mwm.com.br\/en\/wp-json\/wp\/v2\/product\/2046","targetHints":{"allow":["GET"]}}],"collection":[{"href":"https:\/\/mwm.com.br\/en\/wp-json\/wp\/v2\/product"}],"about":[{"href":"https:\/\/mwm.com.br\/en\/wp-json\/wp\/v2\/types\/product"}],"replies":[{"embeddable":true,"href":"https:\/\/mwm.com.br\/en\/wp-json\/wp\/v2\/comments?post=2046"}],"wp:featuredmedia":[{"embeddable":true,"href":"https:\/\/mwm.com.br\/en\/wp-json\/wp\/v2\/media\/2108"}],"wp:attachment":[{"href":"https:\/\/mwm.com.br\/en\/wp-json\/wp\/v2\/media?parent=2046"}],"wp:term":[{"taxonomy":"product_brand","embeddable":true,"href":"https:\/\/mwm.com.br\/en\/wp-json\/wp\/v2\/product_brand?post=2046"},{"taxonomy":"product_cat","embeddable":true,"href":"https:\/\/mwm.com.br\/en\/wp-json\/wp\/v2\/product_cat?post=2046"},{"taxonomy":"product_tag","embeddable":true,"href":"https:\/\/mwm.com.br\/en\/wp-json\/wp\/v2\/product_tag?post=2046"}],"curies":[{"name":"wp","href":"https:\/\/api.w.org\/{rel}","templated":true}]}}