{"id":629,"date":"2025-05-21T10:39:39","date_gmt":"2025-05-21T13:39:39","guid":{"rendered":"https:\/\/mwm.com.br\/?post_type=product&#038;p=629"},"modified":"2025-07-18T10:49:52","modified_gmt":"2025-07-18T13:49:52","slug":"mwm-man-generators-power-and-reliability","status":"publish","type":"product","link":"https:\/\/mwm.com.br\/en\/product\/mwm-man-generators-power-and-reliability\/","title":{"rendered":"Geradores MWM &#8211; Pot\u00eancia e Confiabilidade"},"content":{"rendered":"","protected":false},"excerpt":{"rendered":"<p>Equipped with the Series 12 range of 4.8 and 7.2 liter marine engines, MWM marine generator sets offer power from 100kW to 290kW. With state-of-the-art technology and unrivaled quality, they guarantee lower maintenance costs and wide availability of spare parts. In addition, they are the quietest on the domestic market.<\/p>","protected":false},"featured_media":1268,"comment_status":"open","ping_status":"closed","template":"","meta":{"_acf_changed":false,"inline_featured_image":false,"slim_seo":{"title":"Geradores MWM - Pot\u00eancia e Confiabilidade - MWM","description":"Equipados com a linha de motores mar\u00edtimos S\u00e9rie 12 de 4.8 e 7.2 litros, os grupos geradores mar\u00edtimos MWM oferecem pot\u00eancia de 100kW a 290kW. Com tecnologia de"}},"product_brand":[],"product_cat":[26,67,20],"product_tag":[],"class_list":{"0":"post-629","1":"product","2":"type-product","3":"status-publish","4":"has-post-thumbnail","6":"product_cat-lazer","7":"product_cat-geradores-aplicacoes-de-lazer","8":"product_cat-solucoes-maritimas","10":"first","11":"instock","12":"shipping-taxable","13":"product-type-simple"},"acf":[],"_links":{"self":[{"href":"https:\/\/mwm.com.br\/en\/wp-json\/wp\/v2\/product\/629","targetHints":{"allow":["GET"]}}],"collection":[{"href":"https:\/\/mwm.com.br\/en\/wp-json\/wp\/v2\/product"}],"about":[{"href":"https:\/\/mwm.com.br\/en\/wp-json\/wp\/v2\/types\/product"}],"replies":[{"embeddable":true,"href":"https:\/\/mwm.com.br\/en\/wp-json\/wp\/v2\/comments?post=629"}],"wp:featuredmedia":[{"embeddable":true,"href":"https:\/\/mwm.com.br\/en\/wp-json\/wp\/v2\/media\/1268"}],"wp:attachment":[{"href":"https:\/\/mwm.com.br\/en\/wp-json\/wp\/v2\/media?parent=629"}],"wp:term":[{"taxonomy":"product_brand","embeddable":true,"href":"https:\/\/mwm.com.br\/en\/wp-json\/wp\/v2\/product_brand?post=629"},{"taxonomy":"product_cat","embeddable":true,"href":"https:\/\/mwm.com.br\/en\/wp-json\/wp\/v2\/product_cat?post=629"},{"taxonomy":"product_tag","embeddable":true,"href":"https:\/\/mwm.com.br\/en\/wp-json\/wp\/v2\/product_tag?post=629"}],"curies":[{"name":"wp","href":"https:\/\/api.w.org\/{rel}","templated":true}]}}