{"id":633,"date":"2025-05-21T10:55:08","date_gmt":"2025-05-21T13:55:08","guid":{"rendered":"https:\/\/mwm.com.br\/?post_type=product&#038;p=633"},"modified":"2025-07-16T16:39:47","modified_gmt":"2025-07-16T19:39:47","slug":"man-i6-engines-the-perfect-balance","status":"publish","type":"product","link":"https:\/\/mwm.com.br\/en\/product\/man-i6-engines-the-perfect-balance\/","title":{"rendered":"MAN i6 Engines \u2013 The Perfect Balance"},"content":{"rendered":"","protected":false},"excerpt":{"rendered":"<p>It is the perfect choice for leisure applications, offering a combination of powerful performance and fuel efficiency, as well as being synonymous with durability and economy.<\/p>","protected":false},"featured_media":1303,"comment_status":"open","ping_status":"closed","template":"","meta":{"_acf_changed":false,"inline_featured_image":false,"slim_seo":{"title":"Motores MAN i6 - O Equil\u00edbrio Perfeito - MWM","description":"\u00c9 a escolha perfeita para aplica\u00e7\u00f5es de lazer, oferecendo uma combina\u00e7\u00e3o de desempenho potente e efici\u00eancia de combust\u00edvel, al\u00e9m de ser sin\u00f4nimo de durabilidade"}},"product_brand":[],"product_cat":[26,32,58,20],"product_tag":[],"class_list":{"0":"post-633","1":"product","2":"type-product","3":"status-publish","4":"has-post-thumbnail","6":"product_cat-lazer","7":"product_cat-motores-aplicacoes-de-lazer","8":"product_cat-motores-man","9":"product_cat-solucoes-maritimas","11":"first","12":"instock","13":"shipping-taxable","14":"product-type-simple"},"acf":[],"_links":{"self":[{"href":"https:\/\/mwm.com.br\/en\/wp-json\/wp\/v2\/product\/633","targetHints":{"allow":["GET"]}}],"collection":[{"href":"https:\/\/mwm.com.br\/en\/wp-json\/wp\/v2\/product"}],"about":[{"href":"https:\/\/mwm.com.br\/en\/wp-json\/wp\/v2\/types\/product"}],"replies":[{"embeddable":true,"href":"https:\/\/mwm.com.br\/en\/wp-json\/wp\/v2\/comments?post=633"}],"wp:featuredmedia":[{"embeddable":true,"href":"https:\/\/mwm.com.br\/en\/wp-json\/wp\/v2\/media\/1303"}],"wp:attachment":[{"href":"https:\/\/mwm.com.br\/en\/wp-json\/wp\/v2\/media?parent=633"}],"wp:term":[{"taxonomy":"product_brand","embeddable":true,"href":"https:\/\/mwm.com.br\/en\/wp-json\/wp\/v2\/product_brand?post=633"},{"taxonomy":"product_cat","embeddable":true,"href":"https:\/\/mwm.com.br\/en\/wp-json\/wp\/v2\/product_cat?post=633"},{"taxonomy":"product_tag","embeddable":true,"href":"https:\/\/mwm.com.br\/en\/wp-json\/wp\/v2\/product_tag?post=633"}],"curies":[{"name":"wp","href":"https:\/\/api.w.org\/{rel}","templated":true}]}}