{"id":635,"date":"2025-05-21T11:00:22","date_gmt":"2025-05-21T14:00:22","guid":{"rendered":"https:\/\/mwm.com.br\/?post_type=product&#038;p=635"},"modified":"2025-07-16T16:29:12","modified_gmt":"2025-07-16T19:29:12","slug":"motores-man-v12","status":"publish","type":"product","link":"https:\/\/mwm.com.br\/en\/product\/motores-man-v12\/","title":{"rendered":"Motores MAN V12 &#8211; Pot\u00eancia Inigual\u00e1vel"},"content":{"rendered":"<p>Meet the V8 engine, designed to deliver exceptional power for leisure applications, ensuring you have the power you need for any activity.<\/p>","protected":false},"excerpt":{"rendered":"<p>Explore the power of the V12 engine, the ultimate power solution for the largest and most demanding leisure boats. The V12 is the ultimate engine for leisure applications, offering unrivaled power and exceptional performance.<\/p>","protected":false},"featured_media":1301,"comment_status":"open","ping_status":"closed","template":"","meta":{"_acf_changed":false,"inline_featured_image":false,"slim_seo":{"title":"Motores MAN V12 - Pot\u00eancia Inigual\u00e1vel - MWM","description":"Explore o poder do motor V12, a solu\u00e7\u00e3o definitiva em pot\u00eancia para as maiores e mais exigentes embarca\u00e7\u00f5es de lazer. O V12 \u00e9 o motor definitivo para aplica\u00e7\u00f5es"}},"product_brand":[],"product_cat":[26,32,58,20],"product_tag":[],"class_list":{"0":"post-635","1":"product","2":"type-product","3":"status-publish","4":"has-post-thumbnail","6":"product_cat-lazer","7":"product_cat-motores-aplicacoes-de-lazer","8":"product_cat-motores-man","9":"product_cat-solucoes-maritimas","11":"first","12":"instock","13":"shipping-taxable","14":"product-type-simple"},"acf":[],"_links":{"self":[{"href":"https:\/\/mwm.com.br\/en\/wp-json\/wp\/v2\/product\/635","targetHints":{"allow":["GET"]}}],"collection":[{"href":"https:\/\/mwm.com.br\/en\/wp-json\/wp\/v2\/product"}],"about":[{"href":"https:\/\/mwm.com.br\/en\/wp-json\/wp\/v2\/types\/product"}],"replies":[{"embeddable":true,"href":"https:\/\/mwm.com.br\/en\/wp-json\/wp\/v2\/comments?post=635"}],"wp:featuredmedia":[{"embeddable":true,"href":"https:\/\/mwm.com.br\/en\/wp-json\/wp\/v2\/media\/1301"}],"wp:attachment":[{"href":"https:\/\/mwm.com.br\/en\/wp-json\/wp\/v2\/media?parent=635"}],"wp:term":[{"taxonomy":"product_brand","embeddable":true,"href":"https:\/\/mwm.com.br\/en\/wp-json\/wp\/v2\/product_brand?post=635"},{"taxonomy":"product_cat","embeddable":true,"href":"https:\/\/mwm.com.br\/en\/wp-json\/wp\/v2\/product_cat?post=635"},{"taxonomy":"product_tag","embeddable":true,"href":"https:\/\/mwm.com.br\/en\/wp-json\/wp\/v2\/product_tag?post=635"}],"curies":[{"name":"wp","href":"https:\/\/api.w.org\/{rel}","templated":true}]}}