{"id":637,"date":"2025-05-21T11:09:51","date_gmt":"2025-05-21T14:09:51","guid":{"rendered":"https:\/\/mwm.com.br\/?post_type=product&#038;p=637"},"modified":"2025-07-15T11:00:19","modified_gmt":"2025-07-15T14:00:19","slug":"motores-mwm-7-2l-potencia-e-durabilidade","status":"publish","type":"product","link":"https:\/\/mwm.com.br\/en\/product\/motores-mwm-7-2l-potencia-e-durabilidade\/","title":{"rendered":"Motores MWM 7.2L &#8211; Pot\u00eancia e Durabilidade"},"content":{"rendered":"","protected":false},"excerpt":{"rendered":"<p>The MWM 7.2 engine is designed for power and durability. Robust, it is the ideal engine for applications that require high performance and resistance. Maximize your marine operation with this engine.<\/p>","protected":false},"featured_media":1256,"comment_status":"open","ping_status":"closed","template":"","meta":{"_acf_changed":false,"inline_featured_image":false,"slim_seo":{"title":"Motores MWM 7.2L - Pot\u00eancia e Durabilidade - MWM","description":"O Motor MWM 7.2 \u00e9 projetado para pot\u00eancia e durabilidade. Robusto, \u00e9 o motor ideal para aplica\u00e7\u00f5es que exigem alta performance e resist\u00eancia. Maximize sua opera"}},"product_brand":[],"product_cat":[26,57,20],"product_tag":[],"class_list":{"0":"post-637","1":"product","2":"type-product","3":"status-publish","4":"has-post-thumbnail","6":"product_cat-lazer","7":"product_cat-motores-mwm","8":"product_cat-solucoes-maritimas","10":"first","11":"instock","12":"shipping-taxable","13":"product-type-simple"},"acf":[],"_links":{"self":[{"href":"https:\/\/mwm.com.br\/en\/wp-json\/wp\/v2\/product\/637","targetHints":{"allow":["GET"]}}],"collection":[{"href":"https:\/\/mwm.com.br\/en\/wp-json\/wp\/v2\/product"}],"about":[{"href":"https:\/\/mwm.com.br\/en\/wp-json\/wp\/v2\/types\/product"}],"replies":[{"embeddable":true,"href":"https:\/\/mwm.com.br\/en\/wp-json\/wp\/v2\/comments?post=637"}],"wp:featuredmedia":[{"embeddable":true,"href":"https:\/\/mwm.com.br\/en\/wp-json\/wp\/v2\/media\/1256"}],"wp:attachment":[{"href":"https:\/\/mwm.com.br\/en\/wp-json\/wp\/v2\/media?parent=637"}],"wp:term":[{"taxonomy":"product_brand","embeddable":true,"href":"https:\/\/mwm.com.br\/en\/wp-json\/wp\/v2\/product_brand?post=637"},{"taxonomy":"product_cat","embeddable":true,"href":"https:\/\/mwm.com.br\/en\/wp-json\/wp\/v2\/product_cat?post=637"},{"taxonomy":"product_tag","embeddable":true,"href":"https:\/\/mwm.com.br\/en\/wp-json\/wp\/v2\/product_tag?post=637"}],"curies":[{"name":"wp","href":"https:\/\/api.w.org\/{rel}","templated":true}]}}