{"id":640,"date":"2025-05-21T11:25:44","date_gmt":"2025-05-21T14:25:44","guid":{"rendered":"https:\/\/mwm.com.br\/?post_type=product&#038;p=640"},"modified":"2025-09-24T17:31:41","modified_gmt":"2025-09-24T20:31:41","slug":"motores-oxe-300-aventura-com-potencia","status":"publish","type":"product","link":"https:\/\/mwm.com.br\/en\/product\/motores-oxe-300-aventura-com-potencia\/","title":{"rendered":"Motores OXE 300 &#8211; Aventura com Pot\u00eancia"},"content":{"rendered":"","protected":false},"excerpt":{"rendered":"<p>The OXE 300, with its BMW biturbo diesel engine, offers exceptional torque and is compatible with the Jet-Tech waterjet solution. With optimized power and efficiency, it takes leisure boating to a new level, making every maritime adventure an unforgettable and more sustainable experience.<\/p>","protected":false},"featured_media":2008,"comment_status":"open","ping_status":"closed","template":"","meta":{"_acf_changed":false,"inline_featured_image":false,"slim_seo":{"title":"Motores OXE 300 - Aventura com Pot\u00eancia - MWM","description":"O OXE 300, com seu motor biturbo diesel da BMW, oferece torque excepcional e \u00e9 compat\u00edvel com solu\u00e7\u00e3o de jato d\u2019\u00e1gua Jet-Tech. Com pot\u00eancia e efici\u00eancia otimiza"}},"product_brand":[],"product_cat":[20,26,32,59],"product_tag":[],"class_list":{"0":"post-640","1":"product","2":"type-product","3":"status-publish","4":"has-post-thumbnail","6":"product_cat-solucoes-maritimas","7":"product_cat-lazer","8":"product_cat-motores-aplicacoes-de-lazer","9":"product_cat-motores-oxe","11":"first","12":"instock","13":"shipping-taxable","14":"product-type-simple"},"acf":[],"_links":{"self":[{"href":"https:\/\/mwm.com.br\/en\/wp-json\/wp\/v2\/product\/640","targetHints":{"allow":["GET"]}}],"collection":[{"href":"https:\/\/mwm.com.br\/en\/wp-json\/wp\/v2\/product"}],"about":[{"href":"https:\/\/mwm.com.br\/en\/wp-json\/wp\/v2\/types\/product"}],"replies":[{"embeddable":true,"href":"https:\/\/mwm.com.br\/en\/wp-json\/wp\/v2\/comments?post=640"}],"wp:featuredmedia":[{"embeddable":true,"href":"https:\/\/mwm.com.br\/en\/wp-json\/wp\/v2\/media\/2008"}],"wp:attachment":[{"href":"https:\/\/mwm.com.br\/en\/wp-json\/wp\/v2\/media?parent=640"}],"wp:term":[{"taxonomy":"product_brand","embeddable":true,"href":"https:\/\/mwm.com.br\/en\/wp-json\/wp\/v2\/product_brand?post=640"},{"taxonomy":"product_cat","embeddable":true,"href":"https:\/\/mwm.com.br\/en\/wp-json\/wp\/v2\/product_cat?post=640"},{"taxonomy":"product_tag","embeddable":true,"href":"https:\/\/mwm.com.br\/en\/wp-json\/wp\/v2\/product_tag?post=640"}],"curies":[{"name":"wp","href":"https:\/\/api.w.org\/{rel}","templated":true}]}}