{"id":1262,"date":"2025-07-15T11:24:17","date_gmt":"2025-07-15T14:24:17","guid":{"rendered":"https:\/\/mwm.com.br\/?post_type=product&#038;p=1262"},"modified":"2025-07-23T10:37:56","modified_gmt":"2025-07-23T13:37:56","slug":"sistemas-de-propulsion-de-alto-rendimiento-mwm-konrad-serie-500","status":"publish","type":"product","link":"https:\/\/mwm.com.br\/es\/producto\/sistemas-de-propulsion-de-alto-rendimiento-mwm-konrad-serie-500\/","title":{"rendered":"Motores dentro-fueraborda MWM Konrad Serie 500: propulsi\u00f3n de alto rendimiento"},"content":{"rendered":"","protected":false},"excerpt":{"rendered":"<p>La serie 500 de MWM\/Konrad es la elecci\u00f3n perfecta para una gran variedad de embarcaciones. Con especificaciones de fabricaci\u00f3n y materiales de alta calidad, estos dentrofuerabordas ofrecen protecci\u00f3n contra la corrosi\u00f3n, relaciones de transmisi\u00f3n variadas y un sistema de compensaci\u00f3n y elevaci\u00f3n. El modelo Konrad 560, con su tecnolog\u00eda de doble h\u00e9lice, promete un mayor ahorro de combustible y durabilidad.<\/p>","protected":false},"featured_media":1551,"comment_status":"open","ping_status":"closed","template":"","meta":{"_acf_changed":false,"inline_featured_image":false,"slim_seo":{"title":"Rabetas MWM Konrad S\u00e9rie 500 - Propuls\u00e3o de Alto Desempenho - MWM","description":"A S\u00e9rie 500 de rabetas MWM\/Konrad \u00e9 a escolha perfeita para uma variedade de embarca\u00e7\u00f5es. Com especifica\u00e7\u00f5es de material e fabrica\u00e7\u00e3o de alta qualidade, essas r"}},"product_brand":[],"product_cat":[68],"product_tag":[],"class_list":{"0":"post-1262","1":"product","2":"type-product","3":"status-publish","4":"has-post-thumbnail","6":"product_cat-rabetas","8":"first","9":"instock","10":"shipping-taxable","11":"product-type-simple"},"acf":[],"_links":{"self":[{"href":"https:\/\/mwm.com.br\/es\/wp-json\/wp\/v2\/product\/1262","targetHints":{"allow":["GET"]}}],"collection":[{"href":"https:\/\/mwm.com.br\/es\/wp-json\/wp\/v2\/product"}],"about":[{"href":"https:\/\/mwm.com.br\/es\/wp-json\/wp\/v2\/types\/product"}],"replies":[{"embeddable":true,"href":"https:\/\/mwm.com.br\/es\/wp-json\/wp\/v2\/comments?post=1262"}],"wp:featuredmedia":[{"embeddable":true,"href":"https:\/\/mwm.com.br\/es\/wp-json\/wp\/v2\/media\/1551"}],"wp:attachment":[{"href":"https:\/\/mwm.com.br\/es\/wp-json\/wp\/v2\/media?parent=1262"}],"wp:term":[{"taxonomy":"product_brand","embeddable":true,"href":"https:\/\/mwm.com.br\/es\/wp-json\/wp\/v2\/product_brand?post=1262"},{"taxonomy":"product_cat","embeddable":true,"href":"https:\/\/mwm.com.br\/es\/wp-json\/wp\/v2\/product_cat?post=1262"},{"taxonomy":"product_tag","embeddable":true,"href":"https:\/\/mwm.com.br\/es\/wp-json\/wp\/v2\/product_tag?post=1262"}],"curies":[{"name":"wp","href":"https:\/\/api.w.org\/{rel}","templated":true}]}}