{"id":1576,"date":"2025-07-25T14:59:38","date_gmt":"2025-07-25T17:59:38","guid":{"rendered":"https:\/\/mwm.com.br\/?post_type=product&#038;p=1576"},"modified":"2025-07-25T14:59:40","modified_gmt":"2025-07-25T17:59:40","slug":"geradores-mwm-potencia-e-confiabilidade","status":"publish","type":"product","link":"https:\/\/mwm.com.br\/es\/producto\/geradores-mwm-potencia-e-confiabilidade\/","title":{"rendered":"MWM Generators - Potencia y fiabilidad"},"content":{"rendered":"","protected":false},"excerpt":{"rendered":"<p>Equipados con la gama Serie 12 de motores marinos de 4,8 y 7,2 litros, los grupos electr\u00f3genos marinos MWM ofrecen potencias de 100 kW a 290 kW. Con una tecnolog\u00eda de vanguardia y una calidad inigualable, garantizan unos costes de mantenimiento m\u00e1s bajos y una amplia disponibilidad de piezas de repuesto. Adem\u00e1s, son los m\u00e1s silenciosos del mercado nacional.<\/p>","protected":false},"featured_media":1268,"comment_status":"open","ping_status":"closed","template":"","meta":{"_acf_changed":false,"inline_featured_image":false,"slim_seo":{"title":"Geradores MWM - Pot\u00eancia e Confiabilidade - MWM","description":"Equipados con la gama Serie 12 de motores marinos de 4,8 y 7,2 litros, los grupos electr\u00f3genos marinos MWM ofrecen potencias de 100 kW a 290 kW. Con"}},"product_brand":[],"product_cat":[18,128],"product_tag":[],"class_list":{"0":"post-1576","1":"product","2":"type-product","3":"status-publish","4":"has-post-thumbnail","6":"product_cat-geradores-e-torres","7":"product_cat-geradores-maritimos-para-aplicacoes-de-lazer","9":"first","10":"instock","11":"shipping-taxable","12":"product-type-simple"},"acf":[],"_links":{"self":[{"href":"https:\/\/mwm.com.br\/es\/wp-json\/wp\/v2\/product\/1576","targetHints":{"allow":["GET"]}}],"collection":[{"href":"https:\/\/mwm.com.br\/es\/wp-json\/wp\/v2\/product"}],"about":[{"href":"https:\/\/mwm.com.br\/es\/wp-json\/wp\/v2\/types\/product"}],"replies":[{"embeddable":true,"href":"https:\/\/mwm.com.br\/es\/wp-json\/wp\/v2\/comments?post=1576"}],"wp:featuredmedia":[{"embeddable":true,"href":"https:\/\/mwm.com.br\/es\/wp-json\/wp\/v2\/media\/1268"}],"wp:attachment":[{"href":"https:\/\/mwm.com.br\/es\/wp-json\/wp\/v2\/media?parent=1576"}],"wp:term":[{"taxonomy":"product_brand","embeddable":true,"href":"https:\/\/mwm.com.br\/es\/wp-json\/wp\/v2\/product_brand?post=1576"},{"taxonomy":"product_cat","embeddable":true,"href":"https:\/\/mwm.com.br\/es\/wp-json\/wp\/v2\/product_cat?post=1576"},{"taxonomy":"product_tag","embeddable":true,"href":"https:\/\/mwm.com.br\/es\/wp-json\/wp\/v2\/product_tag?post=1576"}],"curies":[{"name":"wp","href":"https:\/\/api.w.org\/{rel}","templated":true}]}}