{"id":1584,"date":"2025-07-26T16:55:32","date_gmt":"2025-07-26T19:55:32","guid":{"rendered":"https:\/\/mwm.com.br\/?post_type=product&#038;p=1584"},"modified":"2025-07-28T16:49:08","modified_gmt":"2025-07-28T19:49:08","slug":"controlador-dse-892","status":"publish","type":"product","link":"https:\/\/mwm.com.br\/es\/producto\/controlador-dse-892\/","title":{"rendered":"CONTROLADOR DSE 892"},"content":{"rendered":"","protected":false},"excerpt":{"rendered":"<p>O DSE 892 conecta os m\u00f3dulos de controle Deep Sea a sistemas SNMP externos. Ap\u00f3s sua conex\u00e3o, a funcionalidade completa de monitoramento e controle se torna ativa, na qual o dispositivo de gateway \u00e9 especializado em monitorar o estado da instrumenta\u00e7\u00e3o e opera\u00e7\u00e3o dos m\u00f3dulos de controle Deep Sea conectados.<\/p>\n<h1>PRINCIPAIS CARACTER\u00cdSTICAS:<\/h1>\n<ul>\n<li>Compatibilidade com v\u00e1rios m\u00f3dulos de controle DSE.<\/li>\n<li>LEDs de status da porta de comunica\u00e7\u00e3o.<\/li>\n<li>Mensagens geradas automaticamente por e-mail \/ SNMP Trap quando ocorrem eventos do m\u00f3dulo de controle e altera\u00e7\u00f5es operacionais.<\/li>\n<li>Traps personaliz\u00e1veis por e-mail \/ SNMP com base nos valores da instrumenta\u00e7\u00e3o do m\u00f3dulo.E-mail do cliente SMTP.<\/li>\n<li>Gera\u00e7\u00e3o autom\u00e1tica de arquivos MIB para facilitar a integra\u00e7\u00e3o do sistema.<\/li>\n<li>Gateways DSE 892 \u00fanicos podem ser conectados a v\u00e1rios m\u00f3dulos de controle.<\/li>\n<li>SNMP SET para alterar o modo do controlador.<\/li>\n<li>SNMP GET para instrumenta\u00e7\u00e3o.<\/li>\n<li>Compatibilidade com SNMP V2.<\/li>\n<\/ul>","protected":false},"featured_media":1614,"comment_status":"open","ping_status":"closed","template":"","meta":{"_acf_changed":false,"inline_featured_image":false,"slim_seo":{"title":"CONTROLADOR DSE 892 - MWM","description":"O DSE 892 conecta os m\u00f3dulos de controle Deep Sea a sistemas SNMP externos. Ap\u00f3s sua conex\u00e3o, a funcionalidade completa de monitoramento e controle se torna ati"}},"product_brand":[],"product_cat":[30],"product_tag":[],"class_list":{"0":"post-1584","1":"product","2":"type-product","3":"status-publish","4":"has-post-thumbnail","6":"product_cat-geradores","8":"first","9":"instock","10":"shipping-taxable","11":"product-type-simple"},"acf":[],"_links":{"self":[{"href":"https:\/\/mwm.com.br\/es\/wp-json\/wp\/v2\/product\/1584","targetHints":{"allow":["GET"]}}],"collection":[{"href":"https:\/\/mwm.com.br\/es\/wp-json\/wp\/v2\/product"}],"about":[{"href":"https:\/\/mwm.com.br\/es\/wp-json\/wp\/v2\/types\/product"}],"replies":[{"embeddable":true,"href":"https:\/\/mwm.com.br\/es\/wp-json\/wp\/v2\/comments?post=1584"}],"wp:featuredmedia":[{"embeddable":true,"href":"https:\/\/mwm.com.br\/es\/wp-json\/wp\/v2\/media\/1614"}],"wp:attachment":[{"href":"https:\/\/mwm.com.br\/es\/wp-json\/wp\/v2\/media?parent=1584"}],"wp:term":[{"taxonomy":"product_brand","embeddable":true,"href":"https:\/\/mwm.com.br\/es\/wp-json\/wp\/v2\/product_brand?post=1584"},{"taxonomy":"product_cat","embeddable":true,"href":"https:\/\/mwm.com.br\/es\/wp-json\/wp\/v2\/product_cat?post=1584"},{"taxonomy":"product_tag","embeddable":true,"href":"https:\/\/mwm.com.br\/es\/wp-json\/wp\/v2\/product_tag?post=1584"}],"curies":[{"name":"wp","href":"https:\/\/api.w.org\/{rel}","templated":true}]}}