{"id":1785,"date":"2025-09-03T17:36:41","date_gmt":"2025-09-03T20:36:41","guid":{"rendered":"https:\/\/mwm.com.br\/?post_type=product&#038;p=1785"},"modified":"2025-09-03T17:37:54","modified_gmt":"2025-09-03T20:37:54","slug":"motores-man-v8-potencia-excepcional-2","status":"publish","type":"product","link":"https:\/\/mwm.com.br\/es\/producto\/motores-man-v8-potencia-excepcional-2\/","title":{"rendered":"Motores MAN V8 &#8211; Pot\u00eancia Excepcional"},"content":{"rendered":"<p>Te presentamos el motor V8, dise\u00f1ado para ofrecer una potencia excepcional en aplicaciones de recreo, garantiz\u00e1ndote la potencia que necesitas para cualquier actividad.<\/p>","protected":false},"excerpt":{"rendered":"<p>Te presentamos el motor V8, dise\u00f1ado para ofrecer una potencia excepcional en aplicaciones de recreo, garantiz\u00e1ndote la potencia que necesitas para cualquier actividad.<\/p>","protected":false},"featured_media":1302,"comment_status":"open","ping_status":"closed","template":"","meta":{"_acf_changed":false,"inline_featured_image":false,"slim_seo":{"title":"Motores MAN V8 - Pot\u00eancia Excepcional - MWM","description":"Conhe\u00e7a o motor V8, projetado para entregar pot\u00eancia excepcional para aplica\u00e7\u00f5es de lazer, garantindo que voc\u00ea tenha a pot\u00eancia de que precisa para qualquer ati"}},"product_brand":[],"product_cat":[17,146],"product_tag":[],"class_list":{"0":"post-1785","1":"product","2":"type-product","3":"status-publish","4":"has-post-thumbnail","6":"product_cat-motores","7":"product_cat-motores-man-aplicacoes-de-lazer","9":"first","10":"instock","11":"shipping-taxable","12":"product-type-simple"},"acf":[],"_links":{"self":[{"href":"https:\/\/mwm.com.br\/es\/wp-json\/wp\/v2\/product\/1785","targetHints":{"allow":["GET"]}}],"collection":[{"href":"https:\/\/mwm.com.br\/es\/wp-json\/wp\/v2\/product"}],"about":[{"href":"https:\/\/mwm.com.br\/es\/wp-json\/wp\/v2\/types\/product"}],"replies":[{"embeddable":true,"href":"https:\/\/mwm.com.br\/es\/wp-json\/wp\/v2\/comments?post=1785"}],"wp:featuredmedia":[{"embeddable":true,"href":"https:\/\/mwm.com.br\/es\/wp-json\/wp\/v2\/media\/1302"}],"wp:attachment":[{"href":"https:\/\/mwm.com.br\/es\/wp-json\/wp\/v2\/media?parent=1785"}],"wp:term":[{"taxonomy":"product_brand","embeddable":true,"href":"https:\/\/mwm.com.br\/es\/wp-json\/wp\/v2\/product_brand?post=1785"},{"taxonomy":"product_cat","embeddable":true,"href":"https:\/\/mwm.com.br\/es\/wp-json\/wp\/v2\/product_cat?post=1785"},{"taxonomy":"product_tag","embeddable":true,"href":"https:\/\/mwm.com.br\/es\/wp-json\/wp\/v2\/product_tag?post=1785"}],"curies":[{"name":"wp","href":"https:\/\/api.w.org\/{rel}","templated":true}]}}