{"id":1789,"date":"2025-09-03T17:51:23","date_gmt":"2025-09-03T20:51:23","guid":{"rendered":"https:\/\/mwm.com.br\/?post_type=product&#038;p=1789"},"modified":"2025-09-03T17:52:07","modified_gmt":"2025-09-03T20:52:07","slug":"motores-mwm-7-2l-potencia-e-durabilidade-2","status":"publish","type":"product","link":"https:\/\/mwm.com.br\/es\/producto\/motores-mwm-7-2l-potencia-e-durabilidade-2\/","title":{"rendered":"Motores MWM 7.2L &#8211; Pot\u00eancia e Durabilidade"},"content":{"rendered":"","protected":false},"excerpt":{"rendered":"<p>El motor MWM 7.2 est\u00e1 dise\u00f1ado para ofrecer potencia y durabilidad. Robusto, es el motor ideal para aplicaciones que exigen alto rendimiento y resistencia. Maximice sus operaciones mar\u00edtimas con este motor.<\/p>","protected":false},"featured_media":1256,"comment_status":"open","ping_status":"closed","template":"","meta":{"_acf_changed":false,"inline_featured_image":false,"slim_seo":{"title":"Motores MWM 7.2L - Pot\u00eancia e Durabilidade - MWM","description":"O Motor MWM 7.2 \u00e9 projetado para pot\u00eancia e durabilidade. Robusto, \u00e9 o motor ideal para aplica\u00e7\u00f5es que exigem alta performance e resist\u00eancia. Maximize sua opera"}},"product_brand":[],"product_cat":[17,147],"product_tag":[],"class_list":{"0":"post-1789","1":"product","2":"type-product","3":"status-publish","4":"has-post-thumbnail","6":"product_cat-motores","7":"product_cat-motores-mwm-aplicacoes-de-lazer","9":"first","10":"instock","11":"shipping-taxable","12":"product-type-simple"},"acf":[],"_links":{"self":[{"href":"https:\/\/mwm.com.br\/es\/wp-json\/wp\/v2\/product\/1789","targetHints":{"allow":["GET"]}}],"collection":[{"href":"https:\/\/mwm.com.br\/es\/wp-json\/wp\/v2\/product"}],"about":[{"href":"https:\/\/mwm.com.br\/es\/wp-json\/wp\/v2\/types\/product"}],"replies":[{"embeddable":true,"href":"https:\/\/mwm.com.br\/es\/wp-json\/wp\/v2\/comments?post=1789"}],"wp:featuredmedia":[{"embeddable":true,"href":"https:\/\/mwm.com.br\/es\/wp-json\/wp\/v2\/media\/1256"}],"wp:attachment":[{"href":"https:\/\/mwm.com.br\/es\/wp-json\/wp\/v2\/media?parent=1789"}],"wp:term":[{"taxonomy":"product_brand","embeddable":true,"href":"https:\/\/mwm.com.br\/es\/wp-json\/wp\/v2\/product_brand?post=1789"},{"taxonomy":"product_cat","embeddable":true,"href":"https:\/\/mwm.com.br\/es\/wp-json\/wp\/v2\/product_cat?post=1789"},{"taxonomy":"product_tag","embeddable":true,"href":"https:\/\/mwm.com.br\/es\/wp-json\/wp\/v2\/product_tag?post=1789"}],"curies":[{"name":"wp","href":"https:\/\/api.w.org\/{rel}","templated":true}]}}