{"id":1864,"date":"2025-09-08T21:26:09","date_gmt":"2025-09-09T00:26:09","guid":{"rendered":"https:\/\/mwm.com.br\/?post_type=product&#038;p=1864"},"modified":"2025-09-08T21:27:27","modified_gmt":"2025-09-09T00:27:27","slug":"motores-oxe-300-2","status":"publish","type":"product","link":"https:\/\/mwm.com.br\/es\/producto\/motores-oxe-300-2\/","title":{"rendered":"Motores OXE 300"},"content":{"rendered":"","protected":false},"excerpt":{"rendered":"<p>Explore el motor OXE 300, con un par excepcional y una importante reducci\u00f3n de emisiones para una navegaci\u00f3n potente y consciente. Redefine el rendimiento marino con reducciones de NOx de m\u00e1s de 70%, CO2 de m\u00e1s de 35% y CO de m\u00e1s de 99%.<\/p>\n<p>Este motor no s\u00f3lo es potente, sino que tambi\u00e9n minimiza el impacto medioambiental, estableciendo un nuevo est\u00e1ndar en la tecnolog\u00eda de motores marinos para aplicaciones de trabajo.<\/p>","protected":false},"featured_media":1540,"comment_status":"open","ping_status":"closed","template":"","meta":{"_acf_changed":false,"inline_featured_image":false,"slim_seo":{"title":"Motores OXE 300 - MWM","description":"Explore o motor OXE 300, com torque excepcional e redu\u00e7\u00e3o significativa de emiss\u00f5es para uma navega\u00e7\u00e3o potente e consciente. Ele redefine o desempenho mar\u00edtimo"}},"product_brand":[],"product_cat":[17,138,139,151,96],"product_tag":[],"class_list":{"0":"post-1864","1":"product","2":"type-product","3":"status-publish","4":"has-post-thumbnail","6":"product_cat-motores","7":"product_cat-motores-maritimos","8":"product_cat-aplicacoes-de-trabalho","9":"product_cat-motores-oxe-aplicacoes-de-trabalho","10":"product_cat-oxe","12":"first","13":"instock","14":"shipping-taxable","15":"product-type-simple"},"acf":[],"_links":{"self":[{"href":"https:\/\/mwm.com.br\/es\/wp-json\/wp\/v2\/product\/1864","targetHints":{"allow":["GET"]}}],"collection":[{"href":"https:\/\/mwm.com.br\/es\/wp-json\/wp\/v2\/product"}],"about":[{"href":"https:\/\/mwm.com.br\/es\/wp-json\/wp\/v2\/types\/product"}],"replies":[{"embeddable":true,"href":"https:\/\/mwm.com.br\/es\/wp-json\/wp\/v2\/comments?post=1864"}],"wp:featuredmedia":[{"embeddable":true,"href":"https:\/\/mwm.com.br\/es\/wp-json\/wp\/v2\/media\/1540"}],"wp:attachment":[{"href":"https:\/\/mwm.com.br\/es\/wp-json\/wp\/v2\/media?parent=1864"}],"wp:term":[{"taxonomy":"product_brand","embeddable":true,"href":"https:\/\/mwm.com.br\/es\/wp-json\/wp\/v2\/product_brand?post=1864"},{"taxonomy":"product_cat","embeddable":true,"href":"https:\/\/mwm.com.br\/es\/wp-json\/wp\/v2\/product_cat?post=1864"},{"taxonomy":"product_tag","embeddable":true,"href":"https:\/\/mwm.com.br\/es\/wp-json\/wp\/v2\/product_tag?post=1864"}],"curies":[{"name":"wp","href":"https:\/\/api.w.org\/{rel}","templated":true}]}}