{"id":2044,"date":"2025-10-22T11:47:47","date_gmt":"2025-10-22T14:47:47","guid":{"rendered":"https:\/\/mwm.com.br\/?post_type=product&#038;p=2044"},"modified":"2025-12-01T16:11:17","modified_gmt":"2025-12-01T19:11:17","slug":"biodigestores-mwm","status":"publish","type":"product","link":"https:\/\/mwm.com.br\/es\/producto\/biodigestores-mwm\/","title":{"rendered":"BIODIGESTORES MWM"},"content":{"rendered":"","protected":false},"excerpt":{"rendered":"<p><span style=\"font-weight: 400;\">MWM ha integrado soluciones para la descarbonizaci\u00f3n de la agroindustria y el tratamiento de residuos org\u00e1nicos, con vistas a la producci\u00f3n sostenible de energ\u00eda renovable. <\/span><\/p>","protected":false},"featured_media":2107,"comment_status":"open","ping_status":"closed","template":"","meta":{"_acf_changed":false,"inline_featured_image":false,"slim_seo":{"title":"BIODIGESTORES MWM - MWM","description":"MWM ha integrado soluciones para la descarbonizaci\u00f3n de la agroindustria y el tratamiento de residuos org\u00e1nicos, con vistas a la producci\u00f3n sostenible de energ\u00eda renovable."}},"product_brand":[],"product_cat":[121,30,18],"product_tag":[],"class_list":{"0":"post-2044","1":"product","2":"type-product","3":"status-publish","4":"has-post-thumbnail","6":"product_cat-gerador-a-biogas","7":"product_cat-geradores","8":"product_cat-geradores-e-torres","10":"first","11":"instock","12":"shipping-taxable","13":"product-type-simple"},"acf":[],"_links":{"self":[{"href":"https:\/\/mwm.com.br\/es\/wp-json\/wp\/v2\/product\/2044","targetHints":{"allow":["GET"]}}],"collection":[{"href":"https:\/\/mwm.com.br\/es\/wp-json\/wp\/v2\/product"}],"about":[{"href":"https:\/\/mwm.com.br\/es\/wp-json\/wp\/v2\/types\/product"}],"replies":[{"embeddable":true,"href":"https:\/\/mwm.com.br\/es\/wp-json\/wp\/v2\/comments?post=2044"}],"wp:featuredmedia":[{"embeddable":true,"href":"https:\/\/mwm.com.br\/es\/wp-json\/wp\/v2\/media\/2107"}],"wp:attachment":[{"href":"https:\/\/mwm.com.br\/es\/wp-json\/wp\/v2\/media?parent=2044"}],"wp:term":[{"taxonomy":"product_brand","embeddable":true,"href":"https:\/\/mwm.com.br\/es\/wp-json\/wp\/v2\/product_brand?post=2044"},{"taxonomy":"product_cat","embeddable":true,"href":"https:\/\/mwm.com.br\/es\/wp-json\/wp\/v2\/product_cat?post=2044"},{"taxonomy":"product_tag","embeddable":true,"href":"https:\/\/mwm.com.br\/es\/wp-json\/wp\/v2\/product_tag?post=2044"}],"curies":[{"name":"wp","href":"https:\/\/api.w.org\/{rel}","templated":true}]}}