{"id":589,"date":"2025-05-20T12:05:30","date_gmt":"2025-05-20T15:05:30","guid":{"rendered":"https:\/\/mwm.com.br\/?post_type=product&#038;p=589"},"modified":"2025-07-17T13:52:20","modified_gmt":"2025-07-17T16:52:20","slug":"comando-de-aceleracao-de-ultima-geracao","status":"publish","type":"product","link":"https:\/\/mwm.com.br\/es\/producto\/comando-de-aceleracao-de-ultima-geracao\/","title":{"rendered":"Control del acelerador de \u00faltima generaci\u00f3n"},"content":{"rendered":"<p><span style=\"font-weight: 400;\">\u00a0Sincronizaci\u00f3n de la rotaci\u00f3n en motorizaci\u00f3n m\u00faltiple<\/span><\/p>","protected":false},"excerpt":{"rendered":"<p>Sincronizaci\u00f3n de la rotaci\u00f3n en motorizaci\u00f3n m\u00faltiple<\/p>","protected":false},"featured_media":1308,"comment_status":"open","ping_status":"closed","template":"","meta":{"_acf_changed":false,"inline_featured_image":false,"slim_seo":{"title":"Comando de acelera\u00e7\u00e3o de \u00faltima gera\u00e7\u00e3o - MWM","description":"Sincronizaci\u00f3n de la rotaci\u00f3n en motorizaci\u00f3n m\u00faltiple"}},"product_brand":[],"product_cat":[92,25],"product_tag":[],"class_list":{"0":"post-589","1":"product","2":"type-product","3":"status-publish","4":"has-post-thumbnail","6":"product_cat-acessorios-aplicacoes-de-trabalho","7":"product_cat-trabalho","9":"first","10":"instock","11":"shipping-taxable","12":"product-type-simple"},"acf":[],"_links":{"self":[{"href":"https:\/\/mwm.com.br\/es\/wp-json\/wp\/v2\/product\/589","targetHints":{"allow":["GET"]}}],"collection":[{"href":"https:\/\/mwm.com.br\/es\/wp-json\/wp\/v2\/product"}],"about":[{"href":"https:\/\/mwm.com.br\/es\/wp-json\/wp\/v2\/types\/product"}],"replies":[{"embeddable":true,"href":"https:\/\/mwm.com.br\/es\/wp-json\/wp\/v2\/comments?post=589"}],"wp:featuredmedia":[{"embeddable":true,"href":"https:\/\/mwm.com.br\/es\/wp-json\/wp\/v2\/media\/1308"}],"wp:attachment":[{"href":"https:\/\/mwm.com.br\/es\/wp-json\/wp\/v2\/media?parent=589"}],"wp:term":[{"taxonomy":"product_brand","embeddable":true,"href":"https:\/\/mwm.com.br\/es\/wp-json\/wp\/v2\/product_brand?post=589"},{"taxonomy":"product_cat","embeddable":true,"href":"https:\/\/mwm.com.br\/es\/wp-json\/wp\/v2\/product_cat?post=589"},{"taxonomy":"product_tag","embeddable":true,"href":"https:\/\/mwm.com.br\/es\/wp-json\/wp\/v2\/product_tag?post=589"}],"curies":[{"name":"wp","href":"https:\/\/api.w.org\/{rel}","templated":true}]}}