{"id":600,"date":"2025-05-20T17:08:28","date_gmt":"2025-05-20T20:08:28","guid":{"rendered":"https:\/\/mwm.com.br\/?post_type=product&#038;p=600"},"modified":"2025-07-17T13:43:37","modified_gmt":"2025-07-17T16:43:37","slug":"llave-de-contacto","status":"publish","type":"product","link":"https:\/\/mwm.com.br\/es\/producto\/llave-de-contacto\/","title":{"rendered":"Llave de contacto"},"content":{"rendered":"<p><span style=\"font-weight: 400;\">Practicidad y seguridad en su embarcaci\u00f3n<\/span><\/p>","protected":false},"excerpt":{"rendered":"<p>Practicidad y seguridad en su embarcaci\u00f3n<\/p>","protected":false},"featured_media":1312,"comment_status":"open","ping_status":"closed","template":"","meta":{"_acf_changed":false,"inline_featured_image":false,"slim_seo":{"title":"Chave de igni\u00e7\u00e3o - MWM","description":"Practicidad y seguridad en su embarcaci\u00f3n"}},"product_brand":[],"product_cat":[20,25,92],"product_tag":[],"class_list":{"0":"post-600","1":"product","2":"type-product","3":"status-publish","4":"has-post-thumbnail","6":"product_cat-solucoes-maritimas","7":"product_cat-trabalho","8":"product_cat-acessorios-aplicacoes-de-trabalho","10":"first","11":"instock","12":"shipping-taxable","13":"product-type-simple"},"acf":[],"_links":{"self":[{"href":"https:\/\/mwm.com.br\/es\/wp-json\/wp\/v2\/product\/600","targetHints":{"allow":["GET"]}}],"collection":[{"href":"https:\/\/mwm.com.br\/es\/wp-json\/wp\/v2\/product"}],"about":[{"href":"https:\/\/mwm.com.br\/es\/wp-json\/wp\/v2\/types\/product"}],"replies":[{"embeddable":true,"href":"https:\/\/mwm.com.br\/es\/wp-json\/wp\/v2\/comments?post=600"}],"wp:featuredmedia":[{"embeddable":true,"href":"https:\/\/mwm.com.br\/es\/wp-json\/wp\/v2\/media\/1312"}],"wp:attachment":[{"href":"https:\/\/mwm.com.br\/es\/wp-json\/wp\/v2\/media?parent=600"}],"wp:term":[{"taxonomy":"product_brand","embeddable":true,"href":"https:\/\/mwm.com.br\/es\/wp-json\/wp\/v2\/product_brand?post=600"},{"taxonomy":"product_cat","embeddable":true,"href":"https:\/\/mwm.com.br\/es\/wp-json\/wp\/v2\/product_cat?post=600"},{"taxonomy":"product_tag","embeddable":true,"href":"https:\/\/mwm.com.br\/es\/wp-json\/wp\/v2\/product_tag?post=600"}],"curies":[{"name":"wp","href":"https:\/\/api.w.org\/{rel}","templated":true}]}}