{"id":602,"date":"2025-05-20T17:22:27","date_gmt":"2025-05-20T20:22:27","guid":{"rendered":"https:\/\/mwm.com.br\/?post_type=product&#038;p=602"},"modified":"2026-01-09T14:42:18","modified_gmt":"2026-01-09T17:42:18","slug":"geradores-mwm-northern-lights","status":"publish","type":"product","link":"https:\/\/mwm.com.br\/es\/producto\/geradores-mwm-northern-lights\/","title":{"rendered":"Geradores MWM Northern Lights &#8211; Qualidade e Tecnologia N\u00e1utica"},"content":{"rendered":"","protected":false},"excerpt":{"rendered":"<p>Descubra los grupos electr\u00f3genos MWM y Northern Lights, que representan lo m\u00e1s avanzado en calidad, robustez y tecnolog\u00eda en el segmento n\u00e1utico. Con potencias que van de 20 a 290 kW, son la opci\u00f3n ideal para quienes buscan eficiencia y fiabilidad.<\/p>","protected":false},"featured_media":2209,"comment_status":"open","ping_status":"closed","template":"","meta":{"_acf_changed":false,"inline_featured_image":false,"slim_seo":{"title":"Geradores MWM Northern Lights - Qualidade e Tecnologia N\u00e1utica - MWM","description":"Descubra os grupos geradores MWM e Northern Lights, representando o que h\u00e1 de mais avan\u00e7ado em qualidade, robustez e tecnologia no segmento n\u00e1utico. Com pot\u00eanci"}},"product_brand":[],"product_cat":[25,93,20],"product_tag":[],"class_list":{"0":"post-602","1":"product","2":"type-product","3":"status-publish","4":"has-post-thumbnail","6":"product_cat-trabalho","7":"product_cat-geradores-aplicacoes-de-trabalho","8":"product_cat-solucoes-maritimas","10":"first","11":"instock","12":"shipping-taxable","13":"product-type-simple"},"acf":[],"_links":{"self":[{"href":"https:\/\/mwm.com.br\/es\/wp-json\/wp\/v2\/product\/602","targetHints":{"allow":["GET"]}}],"collection":[{"href":"https:\/\/mwm.com.br\/es\/wp-json\/wp\/v2\/product"}],"about":[{"href":"https:\/\/mwm.com.br\/es\/wp-json\/wp\/v2\/types\/product"}],"replies":[{"embeddable":true,"href":"https:\/\/mwm.com.br\/es\/wp-json\/wp\/v2\/comments?post=602"}],"wp:featuredmedia":[{"embeddable":true,"href":"https:\/\/mwm.com.br\/es\/wp-json\/wp\/v2\/media\/2209"}],"wp:attachment":[{"href":"https:\/\/mwm.com.br\/es\/wp-json\/wp\/v2\/media?parent=602"}],"wp:term":[{"taxonomy":"product_brand","embeddable":true,"href":"https:\/\/mwm.com.br\/es\/wp-json\/wp\/v2\/product_brand?post=602"},{"taxonomy":"product_cat","embeddable":true,"href":"https:\/\/mwm.com.br\/es\/wp-json\/wp\/v2\/product_cat?post=602"},{"taxonomy":"product_tag","embeddable":true,"href":"https:\/\/mwm.com.br\/es\/wp-json\/wp\/v2\/product_tag?post=602"}],"curies":[{"name":"wp","href":"https:\/\/api.w.org\/{rel}","templated":true}]}}