{"id":603,"date":"2025-05-20T17:30:19","date_gmt":"2025-05-20T20:30:19","guid":{"rendered":"https:\/\/mwm.com.br\/?post_type=product&#038;p=603"},"modified":"2025-07-17T07:57:36","modified_gmt":"2025-07-17T10:57:36","slug":"motores-man-i6","status":"publish","type":"product","link":"https:\/\/mwm.com.br\/es\/producto\/motores-man-i6\/","title":{"rendered":"Motores MAN i6: el equilibrio perfecto"},"content":{"rendered":"<p><span style=\"font-weight: 400;\">Descubra que el motor i6 es la opci\u00f3n ideal para quienes buscan un rendimiento fiable y eficiente para su embarcaci\u00f3n, con potencias de 300 a 650 CV. i6 es sin\u00f3nimo de durabilidad y econom\u00eda.<\/span><\/p>","protected":false},"excerpt":{"rendered":"<p>Descubra que el motor i6 es la opci\u00f3n ideal para quienes buscan un rendimiento fiable y eficiente para su embarcaci\u00f3n, con potencias de 300 a 650 CV. i6 es sin\u00f3nimo de durabilidad y econom\u00eda.<\/p>","protected":false},"featured_media":1319,"comment_status":"open","ping_status":"closed","template":"","meta":{"_acf_changed":false,"inline_featured_image":false,"slim_seo":{"title":"Motores MAN i6 - O Equil\u00edbrio Perfeito - MWM","description":"Descubra que o motor i6 \u00e9 a escolha ideal para quem busca um desempenho confi\u00e1vel e eficiente para sua embarca\u00e7\u00e3o, com pot\u00eancias de 300 a 650 HP. O i6 \u00e9 sin\u00f4nim"}},"product_brand":[],"product_cat":[25,31,95,20],"product_tag":[],"class_list":{"0":"post-603","1":"product","2":"type-product","3":"status-publish","4":"has-post-thumbnail","6":"product_cat-trabalho","7":"product_cat-motores-aplicacoes-de-trabalho","8":"product_cat-man","9":"product_cat-solucoes-maritimas","11":"first","12":"instock","13":"shipping-taxable","14":"product-type-simple"},"acf":[],"_links":{"self":[{"href":"https:\/\/mwm.com.br\/es\/wp-json\/wp\/v2\/product\/603","targetHints":{"allow":["GET"]}}],"collection":[{"href":"https:\/\/mwm.com.br\/es\/wp-json\/wp\/v2\/product"}],"about":[{"href":"https:\/\/mwm.com.br\/es\/wp-json\/wp\/v2\/types\/product"}],"replies":[{"embeddable":true,"href":"https:\/\/mwm.com.br\/es\/wp-json\/wp\/v2\/comments?post=603"}],"wp:featuredmedia":[{"embeddable":true,"href":"https:\/\/mwm.com.br\/es\/wp-json\/wp\/v2\/media\/1319"}],"wp:attachment":[{"href":"https:\/\/mwm.com.br\/es\/wp-json\/wp\/v2\/media?parent=603"}],"wp:term":[{"taxonomy":"product_brand","embeddable":true,"href":"https:\/\/mwm.com.br\/es\/wp-json\/wp\/v2\/product_brand?post=603"},{"taxonomy":"product_cat","embeddable":true,"href":"https:\/\/mwm.com.br\/es\/wp-json\/wp\/v2\/product_cat?post=603"},{"taxonomy":"product_tag","embeddable":true,"href":"https:\/\/mwm.com.br\/es\/wp-json\/wp\/v2\/product_tag?post=603"}],"curies":[{"name":"wp","href":"https:\/\/api.w.org\/{rel}","templated":true}]}}