{"id":607,"date":"2025-05-20T17:46:13","date_gmt":"2025-05-20T20:46:13","guid":{"rendered":"https:\/\/mwm.com.br\/?post_type=product&#038;p=607"},"modified":"2025-07-21T18:06:28","modified_gmt":"2025-07-21T21:06:28","slug":"motores-oxe-225-y-250","status":"publish","type":"product","link":"https:\/\/mwm.com.br\/es\/producto\/motores-oxe-225-y-250\/","title":{"rendered":"Motores OXE 225 y 250"},"content":{"rendered":"","protected":false},"excerpt":{"rendered":"<p>Los OXE 225 y 250 son los propulsores de cuatro cilindros en l\u00ednea m\u00e1s potentes. Responden a las expectativas de los usuarios que requieren prestaciones a alta velocidad.<\/p>\n<p>Junto con la robusta transmisi\u00f3n y las relaciones de transmisi\u00f3n intercambiables, ofrece a los usuarios opciones fiables para utilizar el motor como una soluci\u00f3n potente y de alta velocidad.<\/p>\n<p>Con una alta eficiencia y par motor, proporciona una mayor capacidad de carga y un menor consumo de combustible en comparaci\u00f3n con la gasolina, aumentando la autonom\u00eda en m\u00e1s de 60%.<\/p>","protected":false},"featured_media":1545,"comment_status":"open","ping_status":"closed","template":"","meta":{"_acf_changed":false,"inline_featured_image":false,"slim_seo":{"title":"Motores OXE 225 e 250 - MWM","description":"Los OXE 225 y 250 son los propulsores de cuatro cilindros en l\u00ednea m\u00e1s potentes. Responden a las expectativas de los usuarios que requieren prestaciones a alta velocidad."}},"product_brand":[],"product_cat":[25,31,96,20],"product_tag":[],"class_list":{"0":"post-607","1":"product","2":"type-product","3":"status-publish","4":"has-post-thumbnail","6":"product_cat-trabalho","7":"product_cat-motores-aplicacoes-de-trabalho","8":"product_cat-oxe","9":"product_cat-solucoes-maritimas","11":"first","12":"instock","13":"shipping-taxable","14":"product-type-simple"},"acf":[],"_links":{"self":[{"href":"https:\/\/mwm.com.br\/es\/wp-json\/wp\/v2\/product\/607","targetHints":{"allow":["GET"]}}],"collection":[{"href":"https:\/\/mwm.com.br\/es\/wp-json\/wp\/v2\/product"}],"about":[{"href":"https:\/\/mwm.com.br\/es\/wp-json\/wp\/v2\/types\/product"}],"replies":[{"embeddable":true,"href":"https:\/\/mwm.com.br\/es\/wp-json\/wp\/v2\/comments?post=607"}],"wp:featuredmedia":[{"embeddable":true,"href":"https:\/\/mwm.com.br\/es\/wp-json\/wp\/v2\/media\/1545"}],"wp:attachment":[{"href":"https:\/\/mwm.com.br\/es\/wp-json\/wp\/v2\/media?parent=607"}],"wp:term":[{"taxonomy":"product_brand","embeddable":true,"href":"https:\/\/mwm.com.br\/es\/wp-json\/wp\/v2\/product_brand?post=607"},{"taxonomy":"product_cat","embeddable":true,"href":"https:\/\/mwm.com.br\/es\/wp-json\/wp\/v2\/product_cat?post=607"},{"taxonomy":"product_tag","embeddable":true,"href":"https:\/\/mwm.com.br\/es\/wp-json\/wp\/v2\/product_tag?post=607"}],"curies":[{"name":"wp","href":"https:\/\/api.w.org\/{rel}","templated":true}]}}