{"id":622,"date":"2025-05-21T09:12:55","date_gmt":"2025-05-21T12:12:55","guid":{"rendered":"https:\/\/mwm.com.br\/?post_type=product&#038;p=622"},"modified":"2025-07-17T14:55:29","modified_gmt":"2025-07-17T17:55:29","slug":"sistema-hibrido-da-mwm-solucao-personalizada-para-eficiencia-energetica","status":"publish","type":"product","link":"https:\/\/mwm.com.br\/es\/producto\/sistema-hibrido-da-mwm-solucao-personalizada-para-eficiencia-energetica\/","title":{"rendered":"Sistema h\u00edbrido MAN: soluci\u00f3n a medida para la eficiencia energ\u00e9tica"},"content":{"rendered":"","protected":false},"excerpt":{"rendered":"<p>El Sistema H\u00edbrido de MWM ofrece una soluci\u00f3n personalizada para la eficiencia energ\u00e9tica, que incluye la definici\u00f3n de los generadores y la integraci\u00f3n del sistema.<\/p>","protected":false},"featured_media":1345,"comment_status":"open","ping_status":"closed","template":"","meta":{"_acf_changed":false,"inline_featured_image":false,"slim_seo":{"title":"Sistema H\u00edbrido da MAN: Solu\u00e7\u00e3o Personalizada para Efici\u00eancia Energ\u00e9tica - MWM","description":"El Sistema H\u00edbrido de MWM ofrece una soluci\u00f3n personalizada para la eficiencia energ\u00e9tica, que incluye la definici\u00f3n de los generadores y la integraci\u00f3n del sistema."}},"product_brand":[],"product_cat":[66,20],"product_tag":[],"class_list":{"0":"post-622","1":"product","2":"type-product","3":"status-publish","4":"has-post-thumbnail","6":"product_cat-aplicacoes-especiais","7":"product_cat-solucoes-maritimas","9":"first","10":"instock","11":"shipping-taxable","12":"product-type-simple"},"acf":[],"_links":{"self":[{"href":"https:\/\/mwm.com.br\/es\/wp-json\/wp\/v2\/product\/622","targetHints":{"allow":["GET"]}}],"collection":[{"href":"https:\/\/mwm.com.br\/es\/wp-json\/wp\/v2\/product"}],"about":[{"href":"https:\/\/mwm.com.br\/es\/wp-json\/wp\/v2\/types\/product"}],"replies":[{"embeddable":true,"href":"https:\/\/mwm.com.br\/es\/wp-json\/wp\/v2\/comments?post=622"}],"wp:featuredmedia":[{"embeddable":true,"href":"https:\/\/mwm.com.br\/es\/wp-json\/wp\/v2\/media\/1345"}],"wp:attachment":[{"href":"https:\/\/mwm.com.br\/es\/wp-json\/wp\/v2\/media?parent=622"}],"wp:term":[{"taxonomy":"product_brand","embeddable":true,"href":"https:\/\/mwm.com.br\/es\/wp-json\/wp\/v2\/product_brand?post=622"},{"taxonomy":"product_cat","embeddable":true,"href":"https:\/\/mwm.com.br\/es\/wp-json\/wp\/v2\/product_cat?post=622"},{"taxonomy":"product_tag","embeddable":true,"href":"https:\/\/mwm.com.br\/es\/wp-json\/wp\/v2\/product_tag?post=622"}],"curies":[{"name":"wp","href":"https:\/\/api.w.org\/{rel}","templated":true}]}}