{"id":626,"date":"2025-05-21T10:03:51","date_gmt":"2025-05-21T13:03:51","guid":{"rendered":"https:\/\/mwm.com.br\/?post_type=product&#038;p=626"},"modified":"2025-09-01T17:36:20","modified_gmt":"2025-09-01T20:36:20","slug":"motores-mwm-7-2l","status":"publish","type":"product","link":"https:\/\/mwm.com.br\/es\/producto\/motores-mwm-7-2l\/","title":{"rendered":"Motores MWM 7.2L &#8211; Pot\u00eancia Superior para o Ambiente Marinho"},"content":{"rendered":"","protected":false},"excerpt":{"rendered":"<p>Maximice sus operaciones mar\u00edtimas con el Motor MWM 7.2L. Seis cilindros en l\u00ednea y un robusto sistema de inyecci\u00f3n common rail garantizan un rendimiento superior. Con un sistema de refrigeraci\u00f3n dise\u00f1ado para el entorno marino, el MWM 7.2L es sin\u00f3nimo de potencia y fiabilidad.<\/p>","protected":false},"featured_media":1741,"comment_status":"open","ping_status":"closed","template":"","meta":{"_acf_changed":false,"inline_featured_image":false,"slim_seo":{"title":"Motores MWM 7.2L - Pot\u00eancia Superior para o Ambiente Marinho - MWM","description":"Maximize sua opera\u00e7\u00e3o mar\u00edtima com o Motor MWM 7.2L. Seis cilindros em linha e um robusto sistema de inje\u00e7\u00e3o common rail garantem uma performance superior. Com"}},"product_brand":[],"product_cat":[25,31,94,20],"product_tag":[],"class_list":{"0":"post-626","1":"product","2":"type-product","3":"status-publish","4":"has-post-thumbnail","6":"product_cat-trabalho","7":"product_cat-motores-aplicacoes-de-trabalho","8":"product_cat-mwm","9":"product_cat-solucoes-maritimas","11":"first","12":"instock","13":"shipping-taxable","14":"product-type-simple"},"acf":[],"_links":{"self":[{"href":"https:\/\/mwm.com.br\/es\/wp-json\/wp\/v2\/product\/626","targetHints":{"allow":["GET"]}}],"collection":[{"href":"https:\/\/mwm.com.br\/es\/wp-json\/wp\/v2\/product"}],"about":[{"href":"https:\/\/mwm.com.br\/es\/wp-json\/wp\/v2\/types\/product"}],"replies":[{"embeddable":true,"href":"https:\/\/mwm.com.br\/es\/wp-json\/wp\/v2\/comments?post=626"}],"wp:featuredmedia":[{"embeddable":true,"href":"https:\/\/mwm.com.br\/es\/wp-json\/wp\/v2\/media\/1741"}],"wp:attachment":[{"href":"https:\/\/mwm.com.br\/es\/wp-json\/wp\/v2\/media?parent=626"}],"wp:term":[{"taxonomy":"product_brand","embeddable":true,"href":"https:\/\/mwm.com.br\/es\/wp-json\/wp\/v2\/product_brand?post=626"},{"taxonomy":"product_cat","embeddable":true,"href":"https:\/\/mwm.com.br\/es\/wp-json\/wp\/v2\/product_cat?post=626"},{"taxonomy":"product_tag","embeddable":true,"href":"https:\/\/mwm.com.br\/es\/wp-json\/wp\/v2\/product_tag?post=626"}],"curies":[{"name":"wp","href":"https:\/\/api.w.org\/{rel}","templated":true}]}}