{"id":1262,"date":"2025-07-15T11:24:17","date_gmt":"2025-07-15T14:24:17","guid":{"rendered":"https:\/\/mwm.com.br\/?post_type=product&#038;p=1262"},"modified":"2025-07-23T10:37:56","modified_gmt":"2025-07-23T13:37:56","slug":"rabetas-mwm-konrad-serie-500-propulsao-de-alto-desempenho","status":"publish","type":"product","link":"https:\/\/mwm.com.br\/pt\/produto\/rabetas-mwm-konrad-serie-500-propulsao-de-alto-desempenho\/","title":{"rendered":"Rabetas MWM Konrad S\u00e9rie 500 &#8211; Propuls\u00e3o de Alto Desempenho"},"content":{"rendered":"","protected":false},"excerpt":{"rendered":"<p>A S\u00e9rie 500 de rabetas MWM\/Konrad \u00e9 a escolha perfeita para uma variedade de embarca\u00e7\u00f5es. Com especifica\u00e7\u00f5es de material e fabrica\u00e7\u00e3o de alta qualidade, essas rabetas oferecem prote\u00e7\u00e3o contra corros\u00e3o, rela\u00e7\u00f5es de transmiss\u00e3o variadas e um sistema de compensa\u00e7\u00e3o e eleva\u00e7\u00e3o. O modelo Konrad 560, com sua tecnologia de h\u00e9lice dupla, promete maior economia de combust\u00edvel e durabilidade.<\/p>\n","protected":false},"featured_media":1551,"comment_status":"open","ping_status":"closed","template":"","meta":{"_acf_changed":false,"inline_featured_image":false,"slim_seo":{"title":"Rabetas MWM Konrad S\u00e9rie 500 - Propuls\u00e3o de Alto Desempenho - MWM","description":"A S\u00e9rie 500 de rabetas MWM\/Konrad \u00e9 a escolha perfeita para uma variedade de embarca\u00e7\u00f5es. Com especifica\u00e7\u00f5es de material e fabrica\u00e7\u00e3o de alta qualidade, essas r"}},"product_brand":[],"product_cat":[68],"product_tag":[],"class_list":{"0":"post-1262","1":"product","2":"type-product","3":"status-publish","4":"has-post-thumbnail","6":"product_cat-rabetas","8":"first","9":"instock","10":"shipping-taxable","11":"product-type-simple"},"acf":[],"_links":{"self":[{"href":"https:\/\/mwm.com.br\/pt\/wp-json\/wp\/v2\/product\/1262","targetHints":{"allow":["GET"]}}],"collection":[{"href":"https:\/\/mwm.com.br\/pt\/wp-json\/wp\/v2\/product"}],"about":[{"href":"https:\/\/mwm.com.br\/pt\/wp-json\/wp\/v2\/types\/product"}],"replies":[{"embeddable":true,"href":"https:\/\/mwm.com.br\/pt\/wp-json\/wp\/v2\/comments?post=1262"}],"wp:featuredmedia":[{"embeddable":true,"href":"https:\/\/mwm.com.br\/pt\/wp-json\/wp\/v2\/media\/1551"}],"wp:attachment":[{"href":"https:\/\/mwm.com.br\/pt\/wp-json\/wp\/v2\/media?parent=1262"}],"wp:term":[{"taxonomy":"product_brand","embeddable":true,"href":"https:\/\/mwm.com.br\/pt\/wp-json\/wp\/v2\/product_brand?post=1262"},{"taxonomy":"product_cat","embeddable":true,"href":"https:\/\/mwm.com.br\/pt\/wp-json\/wp\/v2\/product_cat?post=1262"},{"taxonomy":"product_tag","embeddable":true,"href":"https:\/\/mwm.com.br\/pt\/wp-json\/wp\/v2\/product_tag?post=1262"}],"curies":[{"name":"wp","href":"https:\/\/api.w.org\/{rel}","templated":true}]}}