{"id":1583,"date":"2025-07-26T16:51:47","date_gmt":"2025-07-26T19:51:47","guid":{"rendered":"https:\/\/mwm.com.br\/?post_type=product&#038;p=1583"},"modified":"2025-07-28T16:45:53","modified_gmt":"2025-07-28T19:45:53","slug":"controlador-dse-857","status":"publish","type":"product","link":"https:\/\/mwm.com.br\/pt\/produto\/controlador-dse-857\/","title":{"rendered":"Controlador DSE 857"},"content":{"rendered":"","protected":false},"excerpt":{"rendered":"<p>O dispositivo de comunica\u00e7\u00e3o DSE 857 permite o monitoramento de um \u00fanico controlador Deep Sea com conectividade USB, convertendo-o em uma conex\u00e3o RS485.<\/p>\n<p>Para conseguir isso, o DSE 857 conecta-se a um mestre RS485 Modbus RTU a mais de 1,2 km de dist\u00e2ncia. O mestre Modbus RTU pode ser um PLC externo, um Sistema de Gerenciamento de Edif\u00edcios (BMS) ou um PC com Windows executando o DSE Configuration Suite Software.<\/p>\n<h1>PRINCIPAIS CARACTER\u00cdSTICAS:<\/h1>\n<ul>\n<li>Converte uma porta USB em uma porta RS485.<\/li>\n<li>Controle remoto e monitoramento para todos os m\u00f3dulos conectados.<\/li>\n<li>Acesse as configura\u00e7\u00f5es de permiss\u00e3o.<\/li>\n<li>Suporta Modbus RTU usando a porta RS485.<\/li>\n<li>Integra\u00e7\u00e3o total do sistema de gerenciamento predial.<\/li>\n<li>Firmware atualiz\u00e1vel.<\/li>\n<\/ul>\n","protected":false},"featured_media":1613,"comment_status":"open","ping_status":"closed","template":"","meta":{"_acf_changed":false,"inline_featured_image":false,"slim_seo":{"title":"Controlador DSE 857 - MWM","description":"O dispositivo de comunica\u00e7\u00e3o DSE 857 permite o monitoramento de um \u00fanico controlador Deep Sea com conectividade USB, convertendo-o em uma conex\u00e3o RS485. Para co"}},"product_brand":[],"product_cat":[30],"product_tag":[],"class_list":{"0":"post-1583","1":"product","2":"type-product","3":"status-publish","4":"has-post-thumbnail","6":"product_cat-geradores","8":"first","9":"instock","10":"shipping-taxable","11":"product-type-simple"},"acf":[],"_links":{"self":[{"href":"https:\/\/mwm.com.br\/pt\/wp-json\/wp\/v2\/product\/1583","targetHints":{"allow":["GET"]}}],"collection":[{"href":"https:\/\/mwm.com.br\/pt\/wp-json\/wp\/v2\/product"}],"about":[{"href":"https:\/\/mwm.com.br\/pt\/wp-json\/wp\/v2\/types\/product"}],"replies":[{"embeddable":true,"href":"https:\/\/mwm.com.br\/pt\/wp-json\/wp\/v2\/comments?post=1583"}],"wp:featuredmedia":[{"embeddable":true,"href":"https:\/\/mwm.com.br\/pt\/wp-json\/wp\/v2\/media\/1613"}],"wp:attachment":[{"href":"https:\/\/mwm.com.br\/pt\/wp-json\/wp\/v2\/media?parent=1583"}],"wp:term":[{"taxonomy":"product_brand","embeddable":true,"href":"https:\/\/mwm.com.br\/pt\/wp-json\/wp\/v2\/product_brand?post=1583"},{"taxonomy":"product_cat","embeddable":true,"href":"https:\/\/mwm.com.br\/pt\/wp-json\/wp\/v2\/product_cat?post=1583"},{"taxonomy":"product_tag","embeddable":true,"href":"https:\/\/mwm.com.br\/pt\/wp-json\/wp\/v2\/product_tag?post=1583"}],"curies":[{"name":"wp","href":"https:\/\/api.w.org\/{rel}","templated":true}]}}