{"id":1757,"date":"2025-09-02T09:31:11","date_gmt":"2025-09-02T12:31:11","guid":{"rendered":"https:\/\/mwm.com.br\/?post_type=product&#038;p=1757"},"modified":"2025-09-02T09:32:19","modified_gmt":"2025-09-02T12:32:19","slug":"chave-de-ignicao-3","status":"publish","type":"product","link":"https:\/\/mwm.com.br\/pt\/produto\/chave-de-ignicao-3\/","title":{"rendered":"Chave de igni\u00e7\u00e3o"},"content":{"rendered":"<p><span style=\"font-weight: 400;\">Praticidade e seguran\u00e7a em sua embarca\u00e7\u00e3o<\/span><\/p>\n","protected":false},"excerpt":{"rendered":"<p>Praticidade e seguran\u00e7a em sua embarca\u00e7\u00e3o<\/p>\n","protected":false},"featured_media":1312,"comment_status":"open","ping_status":"closed","template":"","meta":{"_acf_changed":false,"inline_featured_image":false,"slim_seo":{"title":"Chave de igni\u00e7\u00e3o - MWM","description":"Praticidade e seguran\u00e7a em sua embarca\u00e7\u00e3o"}},"product_brand":[],"product_cat":[17],"product_tag":[],"class_list":{"0":"post-1757","1":"product","2":"type-product","3":"status-publish","4":"has-post-thumbnail","6":"product_cat-motores","8":"first","9":"instock","10":"shipping-taxable","11":"product-type-simple"},"acf":[],"_links":{"self":[{"href":"https:\/\/mwm.com.br\/pt\/wp-json\/wp\/v2\/product\/1757","targetHints":{"allow":["GET"]}}],"collection":[{"href":"https:\/\/mwm.com.br\/pt\/wp-json\/wp\/v2\/product"}],"about":[{"href":"https:\/\/mwm.com.br\/pt\/wp-json\/wp\/v2\/types\/product"}],"replies":[{"embeddable":true,"href":"https:\/\/mwm.com.br\/pt\/wp-json\/wp\/v2\/comments?post=1757"}],"wp:featuredmedia":[{"embeddable":true,"href":"https:\/\/mwm.com.br\/pt\/wp-json\/wp\/v2\/media\/1312"}],"wp:attachment":[{"href":"https:\/\/mwm.com.br\/pt\/wp-json\/wp\/v2\/media?parent=1757"}],"wp:term":[{"taxonomy":"product_brand","embeddable":true,"href":"https:\/\/mwm.com.br\/pt\/wp-json\/wp\/v2\/product_brand?post=1757"},{"taxonomy":"product_cat","embeddable":true,"href":"https:\/\/mwm.com.br\/pt\/wp-json\/wp\/v2\/product_cat?post=1757"},{"taxonomy":"product_tag","embeddable":true,"href":"https:\/\/mwm.com.br\/pt\/wp-json\/wp\/v2\/product_tag?post=1757"}],"curies":[{"name":"wp","href":"https:\/\/api.w.org\/{rel}","templated":true}]}}