{"id":1786,"date":"2025-09-03T17:39:30","date_gmt":"2025-09-03T20:39:30","guid":{"rendered":"https:\/\/mwm.com.br\/?post_type=product&#038;p=1786"},"modified":"2025-09-03T17:40:19","modified_gmt":"2025-09-03T20:40:19","slug":"motores-man-v12-potencia-inigualavel","status":"publish","type":"product","link":"https:\/\/mwm.com.br\/pt\/produto\/motores-man-v12-potencia-inigualavel\/","title":{"rendered":"Motores MAN V12 &#8211; Pot\u00eancia Inigual\u00e1vel"},"content":{"rendered":"<p>Conhe\u00e7a o motor V8, projetado para entregar pot\u00eancia excepcional para aplica\u00e7\u00f5es de lazer, garantindo que voc\u00ea tenha a pot\u00eancia de que precisa para qualquer atividade.<\/p>\n","protected":false},"excerpt":{"rendered":"<p>Explore o poder do motor V12, a solu\u00e7\u00e3o definitiva em pot\u00eancia para as maiores e mais exigentes embarca\u00e7\u00f5es de lazer. O V12 \u00e9 o motor definitivo para aplica\u00e7\u00f5es de lazer, oferecendo pot\u00eancia inigual\u00e1vel e desempenho excepcional.<\/p>\n","protected":false},"featured_media":1301,"comment_status":"open","ping_status":"closed","template":"","meta":{"_acf_changed":false,"inline_featured_image":false,"slim_seo":{"title":"Motores MAN V12 - Pot\u00eancia Inigual\u00e1vel - MWM","description":"Explore o poder do motor V12, a solu\u00e7\u00e3o definitiva em pot\u00eancia para as maiores e mais exigentes embarca\u00e7\u00f5es de lazer. O V12 \u00e9 o motor definitivo para aplica\u00e7\u00f5es"}},"product_brand":[],"product_cat":[17,146],"product_tag":[],"class_list":{"0":"post-1786","1":"product","2":"type-product","3":"status-publish","4":"has-post-thumbnail","6":"product_cat-motores","7":"product_cat-motores-man-aplicacoes-de-lazer","9":"first","10":"instock","11":"shipping-taxable","12":"product-type-simple"},"acf":[],"_links":{"self":[{"href":"https:\/\/mwm.com.br\/pt\/wp-json\/wp\/v2\/product\/1786","targetHints":{"allow":["GET"]}}],"collection":[{"href":"https:\/\/mwm.com.br\/pt\/wp-json\/wp\/v2\/product"}],"about":[{"href":"https:\/\/mwm.com.br\/pt\/wp-json\/wp\/v2\/types\/product"}],"replies":[{"embeddable":true,"href":"https:\/\/mwm.com.br\/pt\/wp-json\/wp\/v2\/comments?post=1786"}],"wp:featuredmedia":[{"embeddable":true,"href":"https:\/\/mwm.com.br\/pt\/wp-json\/wp\/v2\/media\/1301"}],"wp:attachment":[{"href":"https:\/\/mwm.com.br\/pt\/wp-json\/wp\/v2\/media?parent=1786"}],"wp:term":[{"taxonomy":"product_brand","embeddable":true,"href":"https:\/\/mwm.com.br\/pt\/wp-json\/wp\/v2\/product_brand?post=1786"},{"taxonomy":"product_cat","embeddable":true,"href":"https:\/\/mwm.com.br\/pt\/wp-json\/wp\/v2\/product_cat?post=1786"},{"taxonomy":"product_tag","embeddable":true,"href":"https:\/\/mwm.com.br\/pt\/wp-json\/wp\/v2\/product_tag?post=1786"}],"curies":[{"name":"wp","href":"https:\/\/api.w.org\/{rel}","templated":true}]}}