{"id":1822,"date":"2025-09-04T11:30:30","date_gmt":"2025-09-04T14:30:30","guid":{"rendered":"https:\/\/mwm.com.br\/?post_type=product&#038;p=1822"},"modified":"2025-09-24T17:26:52","modified_gmt":"2025-09-24T20:26:52","slug":"motores-oxe-250-performance-para-velocidade","status":"publish","type":"product","link":"https:\/\/mwm.com.br\/pt\/produto\/motores-oxe-250-performance-para-velocidade\/","title":{"rendered":"Motores OXE 250 &#8211; Performance para Velocidade"},"content":{"rendered":"","protected":false},"excerpt":{"rendered":"<p>O OXE 250 redefine a navega\u00e7\u00e3o de lazer com sua pot\u00eancia excepcional e efici\u00eancia de combust\u00edvel. Com uma redu\u00e7\u00e3o de consumo de at\u00e9 42% em compara\u00e7\u00e3o com motores a gasolina equivalentes, ele oferece maior autonomia e menor emiss\u00e3o de CO2, tornando suas aventuras mar\u00edtimas mais sustent\u00e1veis e emocionantes.<\/p>\n","protected":false},"featured_media":2005,"comment_status":"open","ping_status":"closed","template":"","meta":{"_acf_changed":false,"inline_featured_image":false,"slim_seo":{"title":"Motores OXE 250 - Performance para Velocidade - MWM","description":"O OXE 250 redefine a navega\u00e7\u00e3o de lazer com sua pot\u00eancia excepcional e efici\u00eancia de combust\u00edvel. Com uma redu\u00e7\u00e3o de consumo de at\u00e9 42% em compara\u00e7\u00e3o com motore"}},"product_brand":[],"product_cat":[26,32,138,140,148,59],"product_tag":[],"class_list":{"0":"post-1822","1":"product","2":"type-product","3":"status-publish","4":"has-post-thumbnail","6":"product_cat-lazer","7":"product_cat-motores-aplicacoes-de-lazer","8":"product_cat-motores-maritimos","9":"product_cat-aplicacoes-de-lazer","10":"product_cat-motores-oxe-aplicacoes-de-lazer","11":"product_cat-motores-oxe","13":"first","14":"instock","15":"shipping-taxable","16":"product-type-simple"},"acf":[],"_links":{"self":[{"href":"https:\/\/mwm.com.br\/pt\/wp-json\/wp\/v2\/product\/1822","targetHints":{"allow":["GET"]}}],"collection":[{"href":"https:\/\/mwm.com.br\/pt\/wp-json\/wp\/v2\/product"}],"about":[{"href":"https:\/\/mwm.com.br\/pt\/wp-json\/wp\/v2\/types\/product"}],"replies":[{"embeddable":true,"href":"https:\/\/mwm.com.br\/pt\/wp-json\/wp\/v2\/comments?post=1822"}],"wp:featuredmedia":[{"embeddable":true,"href":"https:\/\/mwm.com.br\/pt\/wp-json\/wp\/v2\/media\/2005"}],"wp:attachment":[{"href":"https:\/\/mwm.com.br\/pt\/wp-json\/wp\/v2\/media?parent=1822"}],"wp:term":[{"taxonomy":"product_brand","embeddable":true,"href":"https:\/\/mwm.com.br\/pt\/wp-json\/wp\/v2\/product_brand?post=1822"},{"taxonomy":"product_cat","embeddable":true,"href":"https:\/\/mwm.com.br\/pt\/wp-json\/wp\/v2\/product_cat?post=1822"},{"taxonomy":"product_tag","embeddable":true,"href":"https:\/\/mwm.com.br\/pt\/wp-json\/wp\/v2\/product_tag?post=1822"}],"curies":[{"name":"wp","href":"https:\/\/api.w.org\/{rel}","templated":true}]}}