{"id":1853,"date":"2025-09-08T15:37:25","date_gmt":"2025-09-08T18:37:25","guid":{"rendered":"https:\/\/mwm.com.br\/?post_type=product&#038;p=1853"},"modified":"2025-09-08T15:41:49","modified_gmt":"2025-09-08T18:41:49","slug":"motores-mwm-7-2l-potencia-superior-para-o-ambiente-marinho","status":"publish","type":"product","link":"https:\/\/mwm.com.br\/pt\/produto\/motores-mwm-7-2l-potencia-superior-para-o-ambiente-marinho\/","title":{"rendered":"Motores MWM 7.2L &#8211; Pot\u00eancia Superior para o Ambiente Marinho"},"content":{"rendered":"","protected":false},"excerpt":{"rendered":"<p>Maximize sua opera\u00e7\u00e3o mar\u00edtima com o Motor MWM 7.2L. Seis cilindros em linha e um robusto sistema de inje\u00e7\u00e3o common rail garantem uma performance superior. Com um sistema de arrefecimento projetado para o ambiente marinho, o MWM 7.2L \u00e9 sin\u00f4nimo de pot\u00eancia e confiabilidade.<\/p>\n","protected":false},"featured_media":1741,"comment_status":"open","ping_status":"closed","template":"","meta":{"_acf_changed":false,"inline_featured_image":false,"slim_seo":{"title":"Motores MWM 7.2L - Pot\u00eancia Superior para o Ambiente Marinho - MWM","description":"Maximize sua opera\u00e7\u00e3o mar\u00edtima com o Motor MWM 7.2L. Seis cilindros em linha e um robusto sistema de inje\u00e7\u00e3o common rail garantem uma performance superior. Com"}},"product_brand":[],"product_cat":[17,138,139,149],"product_tag":[],"class_list":{"0":"post-1853","1":"product","2":"type-product","3":"status-publish","4":"has-post-thumbnail","6":"product_cat-motores","7":"product_cat-motores-maritimos","8":"product_cat-aplicacoes-de-trabalho","9":"product_cat-motores-mwm-aplicacoes-de-trabalho","11":"first","12":"instock","13":"shipping-taxable","14":"product-type-simple"},"acf":[],"_links":{"self":[{"href":"https:\/\/mwm.com.br\/pt\/wp-json\/wp\/v2\/product\/1853","targetHints":{"allow":["GET"]}}],"collection":[{"href":"https:\/\/mwm.com.br\/pt\/wp-json\/wp\/v2\/product"}],"about":[{"href":"https:\/\/mwm.com.br\/pt\/wp-json\/wp\/v2\/types\/product"}],"replies":[{"embeddable":true,"href":"https:\/\/mwm.com.br\/pt\/wp-json\/wp\/v2\/comments?post=1853"}],"wp:featuredmedia":[{"embeddable":true,"href":"https:\/\/mwm.com.br\/pt\/wp-json\/wp\/v2\/media\/1741"}],"wp:attachment":[{"href":"https:\/\/mwm.com.br\/pt\/wp-json\/wp\/v2\/media?parent=1853"}],"wp:term":[{"taxonomy":"product_brand","embeddable":true,"href":"https:\/\/mwm.com.br\/pt\/wp-json\/wp\/v2\/product_brand?post=1853"},{"taxonomy":"product_cat","embeddable":true,"href":"https:\/\/mwm.com.br\/pt\/wp-json\/wp\/v2\/product_cat?post=1853"},{"taxonomy":"product_tag","embeddable":true,"href":"https:\/\/mwm.com.br\/pt\/wp-json\/wp\/v2\/product_tag?post=1853"}],"curies":[{"name":"wp","href":"https:\/\/api.w.org\/{rel}","templated":true}]}}