{"id":1861,"date":"2025-09-08T20:54:11","date_gmt":"2025-09-08T23:54:11","guid":{"rendered":"https:\/\/mwm.com.br\/?post_type=product&#038;p=1861"},"modified":"2025-09-08T20:59:07","modified_gmt":"2025-09-08T23:59:07","slug":"motores-man-v12x-o-mais-novo-e-empolgante-motor-man","status":"publish","type":"product","link":"https:\/\/mwm.com.br\/pt\/produto\/motores-man-v12x-o-mais-novo-e-empolgante-motor-man\/","title":{"rendered":"Motores MAN V12X &#8211; O mais novo e empolgante motor MAN"},"content":{"rendered":"","protected":false},"excerpt":{"rendered":"<p>A vers\u00e3o V12X \u00e9 eXtra em tudo. Com cilindrada eXtra \u2013 30 litros \u2013 e uma excelente rela\u00e7\u00e3o peso-pot\u00eancia.<\/p>\n","protected":false},"featured_media":1322,"comment_status":"open","ping_status":"closed","template":"","meta":{"_acf_changed":false,"inline_featured_image":false,"slim_seo":{"title":"Motores MAN V12X - O mais novo e empolgante motor MAN - MWM","description":"A vers\u00e3o V12X \u00e9 eXtra em tudo. Com cilindrada eXtra \u2013 30 litros \u2013 e uma excelente rela\u00e7\u00e3o peso-pot\u00eancia."}},"product_brand":[],"product_cat":[17,150,138,139],"product_tag":[],"class_list":{"0":"post-1861","1":"product","2":"type-product","3":"status-publish","4":"has-post-thumbnail","6":"product_cat-motores","7":"product_cat-motores-man-aplicacoes-de-trabalho","8":"product_cat-motores-maritimos","9":"product_cat-aplicacoes-de-trabalho","11":"first","12":"instock","13":"shipping-taxable","14":"product-type-simple"},"acf":[],"_links":{"self":[{"href":"https:\/\/mwm.com.br\/pt\/wp-json\/wp\/v2\/product\/1861","targetHints":{"allow":["GET"]}}],"collection":[{"href":"https:\/\/mwm.com.br\/pt\/wp-json\/wp\/v2\/product"}],"about":[{"href":"https:\/\/mwm.com.br\/pt\/wp-json\/wp\/v2\/types\/product"}],"replies":[{"embeddable":true,"href":"https:\/\/mwm.com.br\/pt\/wp-json\/wp\/v2\/comments?post=1861"}],"wp:featuredmedia":[{"embeddable":true,"href":"https:\/\/mwm.com.br\/pt\/wp-json\/wp\/v2\/media\/1322"}],"wp:attachment":[{"href":"https:\/\/mwm.com.br\/pt\/wp-json\/wp\/v2\/media?parent=1861"}],"wp:term":[{"taxonomy":"product_brand","embeddable":true,"href":"https:\/\/mwm.com.br\/pt\/wp-json\/wp\/v2\/product_brand?post=1861"},{"taxonomy":"product_cat","embeddable":true,"href":"https:\/\/mwm.com.br\/pt\/wp-json\/wp\/v2\/product_cat?post=1861"},{"taxonomy":"product_tag","embeddable":true,"href":"https:\/\/mwm.com.br\/pt\/wp-json\/wp\/v2\/product_tag?post=1861"}],"curies":[{"name":"wp","href":"https:\/\/api.w.org\/{rel}","templated":true}]}}