{"id":604,"date":"2025-05-20T17:38:32","date_gmt":"2025-05-20T20:38:32","guid":{"rendered":"https:\/\/mwm.com.br\/?post_type=product&#038;p=604"},"modified":"2025-07-17T07:56:04","modified_gmt":"2025-07-17T10:56:04","slug":"motores-man-v8","status":"publish","type":"product","link":"https:\/\/mwm.com.br\/pt\/produto\/motores-man-v8\/","title":{"rendered":"Motores MAN V8 &#8211; For\u00e7a e Robustez"},"content":{"rendered":"<p><span style=\"font-weight: 400;\">Conhe\u00e7a o motor V8, projetado para entregar pot\u00eancia e robustez para as embarca\u00e7\u00f5es de trabalho. Ele \u00e9 a garantia de for\u00e7a cont\u00ednua para as demandas mais pesadas no mar.<\/span><\/p>\n","protected":false},"excerpt":{"rendered":"<p>Conhe\u00e7a o motor V8, projetado para entregar pot\u00eancia e robustez para as embarca\u00e7\u00f5es de trabalho. Ele \u00e9 a garantia de for\u00e7a cont\u00ednua para as demandas mais pesadas no mar.<\/p>\n","protected":false},"featured_media":1319,"comment_status":"open","ping_status":"closed","template":"","meta":{"_acf_changed":false,"inline_featured_image":false,"slim_seo":{"title":"Motores MAN V8 - For\u00e7a e Robustez - MWM","description":"Conhe\u00e7a o motor V8, projetado para entregar pot\u00eancia e robustez para as embarca\u00e7\u00f5es de trabalho. Ele \u00e9 a garantia de for\u00e7a cont\u00ednua para as demandas mais pesada"}},"product_brand":[],"product_cat":[25,31,95,20],"product_tag":[],"class_list":{"0":"post-604","1":"product","2":"type-product","3":"status-publish","4":"has-post-thumbnail","6":"product_cat-trabalho","7":"product_cat-motores-aplicacoes-de-trabalho","8":"product_cat-man","9":"product_cat-solucoes-maritimas","11":"first","12":"instock","13":"shipping-taxable","14":"product-type-simple"},"acf":[],"_links":{"self":[{"href":"https:\/\/mwm.com.br\/pt\/wp-json\/wp\/v2\/product\/604","targetHints":{"allow":["GET"]}}],"collection":[{"href":"https:\/\/mwm.com.br\/pt\/wp-json\/wp\/v2\/product"}],"about":[{"href":"https:\/\/mwm.com.br\/pt\/wp-json\/wp\/v2\/types\/product"}],"replies":[{"embeddable":true,"href":"https:\/\/mwm.com.br\/pt\/wp-json\/wp\/v2\/comments?post=604"}],"wp:featuredmedia":[{"embeddable":true,"href":"https:\/\/mwm.com.br\/pt\/wp-json\/wp\/v2\/media\/1319"}],"wp:attachment":[{"href":"https:\/\/mwm.com.br\/pt\/wp-json\/wp\/v2\/media?parent=604"}],"wp:term":[{"taxonomy":"product_brand","embeddable":true,"href":"https:\/\/mwm.com.br\/pt\/wp-json\/wp\/v2\/product_brand?post=604"},{"taxonomy":"product_cat","embeddable":true,"href":"https:\/\/mwm.com.br\/pt\/wp-json\/wp\/v2\/product_cat?post=604"},{"taxonomy":"product_tag","embeddable":true,"href":"https:\/\/mwm.com.br\/pt\/wp-json\/wp\/v2\/product_tag?post=604"}],"curies":[{"name":"wp","href":"https:\/\/api.w.org\/{rel}","templated":true}]}}