{"id":605,"date":"2025-05-20T17:40:09","date_gmt":"2025-05-20T20:40:09","guid":{"rendered":"https:\/\/mwm.com.br\/?post_type=product&#038;p=605"},"modified":"2025-07-17T08:00:18","modified_gmt":"2025-07-17T11:00:18","slug":"motores-man-v12x","status":"publish","type":"product","link":"https:\/\/mwm.com.br\/pt\/produto\/motores-man-v12x\/","title":{"rendered":"Motores MAN V12X &#8211; O mais novo e empolgante motor MAN"},"content":{"rendered":"","protected":false},"excerpt":{"rendered":"<p>A vers\u00e3o V12X \u00e9 eXtra em tudo. Com cilindrada eXtra \u2013 30 litros \u2013 e uma excelente rela\u00e7\u00e3o peso-pot\u00eancia.<\/p>\n","protected":false},"featured_media":1322,"comment_status":"open","ping_status":"closed","template":"","meta":{"_acf_changed":false,"inline_featured_image":false,"slim_seo":{"title":"Motores MAN V12X - O mais novo e empolgante motor MAN - MWM","description":"A vers\u00e3o V12X \u00e9 eXtra em tudo. Com cilindrada eXtra \u2013 30 litros \u2013 e uma excelente rela\u00e7\u00e3o peso-pot\u00eancia."}},"product_brand":[],"product_cat":[25,31,95,20],"product_tag":[],"class_list":{"0":"post-605","1":"product","2":"type-product","3":"status-publish","4":"has-post-thumbnail","6":"product_cat-trabalho","7":"product_cat-motores-aplicacoes-de-trabalho","8":"product_cat-man","9":"product_cat-solucoes-maritimas","11":"first","12":"instock","13":"shipping-taxable","14":"product-type-simple"},"acf":[],"_links":{"self":[{"href":"https:\/\/mwm.com.br\/pt\/wp-json\/wp\/v2\/product\/605","targetHints":{"allow":["GET"]}}],"collection":[{"href":"https:\/\/mwm.com.br\/pt\/wp-json\/wp\/v2\/product"}],"about":[{"href":"https:\/\/mwm.com.br\/pt\/wp-json\/wp\/v2\/types\/product"}],"replies":[{"embeddable":true,"href":"https:\/\/mwm.com.br\/pt\/wp-json\/wp\/v2\/comments?post=605"}],"wp:featuredmedia":[{"embeddable":true,"href":"https:\/\/mwm.com.br\/pt\/wp-json\/wp\/v2\/media\/1322"}],"wp:attachment":[{"href":"https:\/\/mwm.com.br\/pt\/wp-json\/wp\/v2\/media?parent=605"}],"wp:term":[{"taxonomy":"product_brand","embeddable":true,"href":"https:\/\/mwm.com.br\/pt\/wp-json\/wp\/v2\/product_brand?post=605"},{"taxonomy":"product_cat","embeddable":true,"href":"https:\/\/mwm.com.br\/pt\/wp-json\/wp\/v2\/product_cat?post=605"},{"taxonomy":"product_tag","embeddable":true,"href":"https:\/\/mwm.com.br\/pt\/wp-json\/wp\/v2\/product_tag?post=605"}],"curies":[{"name":"wp","href":"https:\/\/api.w.org\/{rel}","templated":true}]}}