{"id":607,"date":"2025-05-20T17:46:13","date_gmt":"2025-05-20T20:46:13","guid":{"rendered":"https:\/\/mwm.com.br\/?post_type=product&#038;p=607"},"modified":"2025-07-21T18:06:28","modified_gmt":"2025-07-21T21:06:28","slug":"motores-oxe-225-e-250","status":"publish","type":"product","link":"https:\/\/mwm.com.br\/pt\/produto\/motores-oxe-225-e-250\/","title":{"rendered":"Motores OXE 225 e 250"},"content":{"rendered":"","protected":false},"excerpt":{"rendered":"<p>O OXE 225 e 250 \u00e9 a mais poderosa unidade de for\u00e7a de quatro cilindros em linha. Atende \u00e0s expectativas de usu\u00e1rios que requerem performance de alta velocidade.<\/p>\n<p>Juntamente com a transmiss\u00e3o robusta e as rela\u00e7\u00f5es de transmiss\u00e3o intercambi\u00e1veis, ele oferece aos usu\u00e1rios op\u00e7\u00f5es confi\u00e1veis para usar o motor como uma solu\u00e7\u00e3o poderosa e de alta velocidade.<\/p>\n<p>Com alta efici\u00eancia e torque, proporciona maior capacidade de carga e consumo de combust\u00edvel reduzido em compara\u00e7\u00e3o com a gasolina, aumentando a autonomia em mais de 60%.<\/p>\n","protected":false},"featured_media":1545,"comment_status":"open","ping_status":"closed","template":"","meta":{"_acf_changed":false,"inline_featured_image":false,"slim_seo":{"title":"Motores OXE 225 e 250 - MWM","description":"O OXE 225 e 250 \u00e9 a mais poderosa unidade de for\u00e7a de quatro cilindros em linha. Atende \u00e0s expectativas de usu\u00e1rios que requerem performance de alta velocidade."}},"product_brand":[],"product_cat":[25,31,96,20],"product_tag":[],"class_list":{"0":"post-607","1":"product","2":"type-product","3":"status-publish","4":"has-post-thumbnail","6":"product_cat-trabalho","7":"product_cat-motores-aplicacoes-de-trabalho","8":"product_cat-oxe","9":"product_cat-solucoes-maritimas","11":"first","12":"instock","13":"shipping-taxable","14":"product-type-simple"},"acf":[],"_links":{"self":[{"href":"https:\/\/mwm.com.br\/pt\/wp-json\/wp\/v2\/product\/607","targetHints":{"allow":["GET"]}}],"collection":[{"href":"https:\/\/mwm.com.br\/pt\/wp-json\/wp\/v2\/product"}],"about":[{"href":"https:\/\/mwm.com.br\/pt\/wp-json\/wp\/v2\/types\/product"}],"replies":[{"embeddable":true,"href":"https:\/\/mwm.com.br\/pt\/wp-json\/wp\/v2\/comments?post=607"}],"wp:featuredmedia":[{"embeddable":true,"href":"https:\/\/mwm.com.br\/pt\/wp-json\/wp\/v2\/media\/1545"}],"wp:attachment":[{"href":"https:\/\/mwm.com.br\/pt\/wp-json\/wp\/v2\/media?parent=607"}],"wp:term":[{"taxonomy":"product_brand","embeddable":true,"href":"https:\/\/mwm.com.br\/pt\/wp-json\/wp\/v2\/product_brand?post=607"},{"taxonomy":"product_cat","embeddable":true,"href":"https:\/\/mwm.com.br\/pt\/wp-json\/wp\/v2\/product_cat?post=607"},{"taxonomy":"product_tag","embeddable":true,"href":"https:\/\/mwm.com.br\/pt\/wp-json\/wp\/v2\/product_tag?post=607"}],"curies":[{"name":"wp","href":"https:\/\/api.w.org\/{rel}","templated":true}]}}