{"id":610,"date":"2025-05-20T17:55:55","date_gmt":"2025-05-20T20:55:55","guid":{"rendered":"https:\/\/mwm.com.br\/?post_type=product&#038;p=610"},"modified":"2025-07-23T10:39:48","modified_gmt":"2025-07-23T13:39:48","slug":"rabetas-mwm-konrad-serie-600","status":"publish","type":"product","link":"https:\/\/mwm.com.br\/pt\/produto\/rabetas-mwm-konrad-serie-600\/","title":{"rendered":"Rabetas MWM Konrad S\u00e9rie 600 &#8211; Desempenho e Confiabilidade em Alto Mar"},"content":{"rendered":"","protected":false},"excerpt":{"rendered":"<p>A S\u00e9rie 600, resultado da parceria entre MWM e Konrad, representa o que h\u00e1 de mais robusto e confi\u00e1vel em sistemas de propuls\u00e3o mar\u00edtima. Ideal para aplica\u00e7\u00f5es que exigem desempenho elevado, como uso militar e patrulha costeira, esta s\u00e9rie se destaca pela tecnologia HTGT, que otimiza o balanceamento e minimiza vibra\u00e7\u00f5es, al\u00e9m de oferecer rela\u00e7\u00f5es de transmiss\u00e3o variadas e di\u00e2metros de h\u00e9lice adapt\u00e1veis \u00e0s necessidades espec\u00edficas de cada embarca\u00e7\u00e3o.<\/p>\n","protected":false},"featured_media":1552,"comment_status":"open","ping_status":"closed","template":"","meta":{"_acf_changed":false,"inline_featured_image":false,"slim_seo":{"title":"Rabetas MWM Konrad S\u00e9rie 600 - Desempenho e Confiabilidade em Alto Mar - MWM","description":"A S\u00e9rie 600, resultado da parceria entre MWM e Konrad, representa o que h\u00e1 de mais robusto e confi\u00e1vel em sistemas de propuls\u00e3o mar\u00edtima. Ideal para aplica\u00e7\u00f5es"}},"product_brand":[],"product_cat":[25,97,20],"product_tag":[],"class_list":{"0":"post-610","1":"product","2":"type-product","3":"status-publish","4":"has-post-thumbnail","6":"product_cat-trabalho","7":"product_cat-rabetas-aplicacoes-de-trabalho","8":"product_cat-solucoes-maritimas","10":"first","11":"instock","12":"shipping-taxable","13":"product-type-simple"},"acf":[],"_links":{"self":[{"href":"https:\/\/mwm.com.br\/pt\/wp-json\/wp\/v2\/product\/610","targetHints":{"allow":["GET"]}}],"collection":[{"href":"https:\/\/mwm.com.br\/pt\/wp-json\/wp\/v2\/product"}],"about":[{"href":"https:\/\/mwm.com.br\/pt\/wp-json\/wp\/v2\/types\/product"}],"replies":[{"embeddable":true,"href":"https:\/\/mwm.com.br\/pt\/wp-json\/wp\/v2\/comments?post=610"}],"wp:featuredmedia":[{"embeddable":true,"href":"https:\/\/mwm.com.br\/pt\/wp-json\/wp\/v2\/media\/1552"}],"wp:attachment":[{"href":"https:\/\/mwm.com.br\/pt\/wp-json\/wp\/v2\/media?parent=610"}],"wp:term":[{"taxonomy":"product_brand","embeddable":true,"href":"https:\/\/mwm.com.br\/pt\/wp-json\/wp\/v2\/product_brand?post=610"},{"taxonomy":"product_cat","embeddable":true,"href":"https:\/\/mwm.com.br\/pt\/wp-json\/wp\/v2\/product_cat?post=610"},{"taxonomy":"product_tag","embeddable":true,"href":"https:\/\/mwm.com.br\/pt\/wp-json\/wp\/v2\/product_tag?post=610"}],"curies":[{"name":"wp","href":"https:\/\/api.w.org\/{rel}","templated":true}]}}