{"id":611,"date":"2025-05-20T18:03:10","date_gmt":"2025-05-20T21:03:10","guid":{"rendered":"https:\/\/mwm.com.br\/?post_type=product&#038;p=611"},"modified":"2025-07-17T07:25:28","modified_gmt":"2025-07-17T10:25:28","slug":"comando-de-aceleracao-de-ultima-geracao-2","status":"publish","type":"product","link":"https:\/\/mwm.com.br\/pt\/produto\/comando-de-aceleracao-de-ultima-geracao-2\/","title":{"rendered":"Comando de acelera\u00e7\u00e3o de \u00faltima gera\u00e7\u00e3o"},"content":{"rendered":"","protected":false},"excerpt":{"rendered":"<p>Sincronismo de rota\u00e7\u00e3o em m\u00faltipla motoriza\u00e7\u00e3o<\/p>\n","protected":false},"featured_media":1308,"comment_status":"open","ping_status":"closed","template":"","meta":{"_acf_changed":false,"inline_featured_image":false,"slim_seo":{"title":"Comando de acelera\u00e7\u00e3o de \u00faltima gera\u00e7\u00e3o - MWM","description":"Sincronismo de rota\u00e7\u00e3o em m\u00faltipla motoriza\u00e7\u00e3o"}},"product_brand":[],"product_cat":[69,26,20],"product_tag":[],"class_list":{"0":"post-611","1":"product","2":"type-product","3":"status-publish","4":"has-post-thumbnail","6":"product_cat-acessorios","7":"product_cat-lazer","8":"product_cat-solucoes-maritimas","10":"first","11":"instock","12":"shipping-taxable","13":"product-type-simple"},"acf":[],"_links":{"self":[{"href":"https:\/\/mwm.com.br\/pt\/wp-json\/wp\/v2\/product\/611","targetHints":{"allow":["GET"]}}],"collection":[{"href":"https:\/\/mwm.com.br\/pt\/wp-json\/wp\/v2\/product"}],"about":[{"href":"https:\/\/mwm.com.br\/pt\/wp-json\/wp\/v2\/types\/product"}],"replies":[{"embeddable":true,"href":"https:\/\/mwm.com.br\/pt\/wp-json\/wp\/v2\/comments?post=611"}],"wp:featuredmedia":[{"embeddable":true,"href":"https:\/\/mwm.com.br\/pt\/wp-json\/wp\/v2\/media\/1308"}],"wp:attachment":[{"href":"https:\/\/mwm.com.br\/pt\/wp-json\/wp\/v2\/media?parent=611"}],"wp:term":[{"taxonomy":"product_brand","embeddable":true,"href":"https:\/\/mwm.com.br\/pt\/wp-json\/wp\/v2\/product_brand?post=611"},{"taxonomy":"product_cat","embeddable":true,"href":"https:\/\/mwm.com.br\/pt\/wp-json\/wp\/v2\/product_cat?post=611"},{"taxonomy":"product_tag","embeddable":true,"href":"https:\/\/mwm.com.br\/pt\/wp-json\/wp\/v2\/product_tag?post=611"}],"curies":[{"name":"wp","href":"https:\/\/api.w.org\/{rel}","templated":true}]}}