{"id":621,"date":"2025-05-21T09:12:07","date_gmt":"2025-05-21T12:12:07","guid":{"rendered":"https:\/\/mwm.com.br\/?post_type=product&#038;p=621"},"modified":"2025-07-15T11:04:39","modified_gmt":"2025-07-15T14:04:39","slug":"motores-mwm-4-8l-2","status":"publish","type":"product","link":"https:\/\/mwm.com.br\/pt\/produto\/motores-mwm-4-8l-2\/","title":{"rendered":"Motores MWM 4.8L &#8211; Desempenho Silencioso e Confi\u00e1vel"},"content":{"rendered":"","protected":false},"excerpt":{"rendered":"<p>O Motor MWM 4.8 \u00e9 conhecido por sua efici\u00eancia e confiabilidade. Com tecnologia avan\u00e7ada, este motor oferece um desempenho poderoso e um consumo de combust\u00edvel econ\u00f4mico.<\/p>\n","protected":false},"featured_media":1253,"comment_status":"open","ping_status":"closed","template":"","meta":{"_acf_changed":false,"inline_featured_image":false,"slim_seo":{"title":"Motores MWM 4.8L - Desempenho Silencioso e Confi\u00e1vel - MWM","description":"O Motor MWM 4.8 \u00e9 conhecido por sua efici\u00eancia e confiabilidade. Com tecnologia avan\u00e7ada, este motor oferece um desempenho poderoso e um consumo de combust\u00edvel"}},"product_brand":[],"product_cat":[26,32,57,20],"product_tag":[],"class_list":{"0":"post-621","1":"product","2":"type-product","3":"status-publish","4":"has-post-thumbnail","6":"product_cat-lazer","7":"product_cat-motores-aplicacoes-de-lazer","8":"product_cat-motores-mwm","9":"product_cat-solucoes-maritimas","11":"first","12":"instock","13":"shipping-taxable","14":"product-type-simple"},"acf":[],"_links":{"self":[{"href":"https:\/\/mwm.com.br\/pt\/wp-json\/wp\/v2\/product\/621","targetHints":{"allow":["GET"]}}],"collection":[{"href":"https:\/\/mwm.com.br\/pt\/wp-json\/wp\/v2\/product"}],"about":[{"href":"https:\/\/mwm.com.br\/pt\/wp-json\/wp\/v2\/types\/product"}],"replies":[{"embeddable":true,"href":"https:\/\/mwm.com.br\/pt\/wp-json\/wp\/v2\/comments?post=621"}],"wp:featuredmedia":[{"embeddable":true,"href":"https:\/\/mwm.com.br\/pt\/wp-json\/wp\/v2\/media\/1253"}],"wp:attachment":[{"href":"https:\/\/mwm.com.br\/pt\/wp-json\/wp\/v2\/media?parent=621"}],"wp:term":[{"taxonomy":"product_brand","embeddable":true,"href":"https:\/\/mwm.com.br\/pt\/wp-json\/wp\/v2\/product_brand?post=621"},{"taxonomy":"product_cat","embeddable":true,"href":"https:\/\/mwm.com.br\/pt\/wp-json\/wp\/v2\/product_cat?post=621"},{"taxonomy":"product_tag","embeddable":true,"href":"https:\/\/mwm.com.br\/pt\/wp-json\/wp\/v2\/product_tag?post=621"}],"curies":[{"name":"wp","href":"https:\/\/api.w.org\/{rel}","templated":true}]}}