{"id":623,"date":"2025-05-21T09:16:46","date_gmt":"2025-05-21T12:16:46","guid":{"rendered":"https:\/\/mwm.com.br\/?post_type=product&#038;p=623"},"modified":"2025-09-22T10:59:11","modified_gmt":"2025-09-22T13:59:11","slug":"motor-a-hidrogenio-da-mwm-reducao-de-emissoes-e-flexibilidade-de-combustivel","status":"publish","type":"product","link":"https:\/\/mwm.com.br\/pt\/produto\/motor-a-hidrogenio-da-mwm-reducao-de-emissoes-e-flexibilidade-de-combustivel\/","title":{"rendered":"Motor a Hidrog\u00eanio da MAN"},"content":{"rendered":"","protected":false},"excerpt":{"rendered":"<p>O Motor a Hidrog\u00eanio da MAN reduz as emiss\u00f5es de CO2 em at\u00e9 80%, oferecendo flexibilidade de combust\u00edvel com opera\u00e7\u00e3o apenas com diesel ou como dual fuel.<\/p>\n","protected":false},"featured_media":1342,"comment_status":"open","ping_status":"closed","template":"","meta":{"_acf_changed":false,"inline_featured_image":false,"slim_seo":{"title":"Motor a Hidrog\u00eanio da MAN - MWM","description":"O Motor a Hidrog\u00eanio da MAN reduz as emiss\u00f5es de CO2 em at\u00e9 80%, oferecendo flexibilidade de combust\u00edvel com opera\u00e7\u00e3o apenas com diesel ou como dual fuel."}},"product_brand":[],"product_cat":[66,20],"product_tag":[],"class_list":{"0":"post-623","1":"product","2":"type-product","3":"status-publish","4":"has-post-thumbnail","6":"product_cat-aplicacoes-especiais","7":"product_cat-solucoes-maritimas","9":"first","10":"instock","11":"shipping-taxable","12":"product-type-simple"},"acf":[],"_links":{"self":[{"href":"https:\/\/mwm.com.br\/pt\/wp-json\/wp\/v2\/product\/623","targetHints":{"allow":["GET"]}}],"collection":[{"href":"https:\/\/mwm.com.br\/pt\/wp-json\/wp\/v2\/product"}],"about":[{"href":"https:\/\/mwm.com.br\/pt\/wp-json\/wp\/v2\/types\/product"}],"replies":[{"embeddable":true,"href":"https:\/\/mwm.com.br\/pt\/wp-json\/wp\/v2\/comments?post=623"}],"wp:featuredmedia":[{"embeddable":true,"href":"https:\/\/mwm.com.br\/pt\/wp-json\/wp\/v2\/media\/1342"}],"wp:attachment":[{"href":"https:\/\/mwm.com.br\/pt\/wp-json\/wp\/v2\/media?parent=623"}],"wp:term":[{"taxonomy":"product_brand","embeddable":true,"href":"https:\/\/mwm.com.br\/pt\/wp-json\/wp\/v2\/product_brand?post=623"},{"taxonomy":"product_cat","embeddable":true,"href":"https:\/\/mwm.com.br\/pt\/wp-json\/wp\/v2\/product_cat?post=623"},{"taxonomy":"product_tag","embeddable":true,"href":"https:\/\/mwm.com.br\/pt\/wp-json\/wp\/v2\/product_tag?post=623"}],"curies":[{"name":"wp","href":"https:\/\/api.w.org\/{rel}","templated":true}]}}