{"id":630,"date":"2025-05-21T10:40:16","date_gmt":"2025-05-21T13:40:16","guid":{"rendered":"https:\/\/mwm.com.br\/?post_type=product&#038;p=630"},"modified":"2025-07-15T11:39:30","modified_gmt":"2025-07-15T14:39:30","slug":"geradores-mwm-northern-lights-2","status":"publish","type":"product","link":"https:\/\/mwm.com.br\/pt\/produto\/geradores-mwm-northern-lights-2\/","title":{"rendered":"Geradores MWM Northern Lights &#8211; Efici\u00eancia e Confiabilidade"},"content":{"rendered":"","protected":false},"excerpt":{"rendered":"<p>Os geradores Northern Lights s\u00e3o a escolha perfeita para o seu lazer mar\u00edtimo, oferecendo pot\u00eancia confi\u00e1vel e eficiente quando e onde voc\u00ea precisar. Com modelos de pot\u00eancias de 5 a 38kW, s\u00e3o not\u00e1veis por sua confiabilidade e efici\u00eancia, garantindo que voc\u00ea nunca fique sem energia na \u00e1gua.<\/p>\n","protected":false},"featured_media":1266,"comment_status":"open","ping_status":"closed","template":"","meta":{"_acf_changed":false,"inline_featured_image":false,"slim_seo":{"title":"Geradores MWM Northern Lights - Efici\u00eancia e Confiabilidade - MWM","description":"Os geradores Northern Lights s\u00e3o a escolha perfeita para o seu lazer mar\u00edtimo, oferecendo pot\u00eancia confi\u00e1vel e eficiente quando e onde voc\u00ea precisar. Com modelo"}},"product_brand":[],"product_cat":[26,67,20],"product_tag":[],"class_list":{"0":"post-630","1":"product","2":"type-product","3":"status-publish","4":"has-post-thumbnail","6":"product_cat-lazer","7":"product_cat-geradores-aplicacoes-de-lazer","8":"product_cat-solucoes-maritimas","10":"first","11":"instock","12":"shipping-taxable","13":"product-type-simple"},"acf":[],"_links":{"self":[{"href":"https:\/\/mwm.com.br\/pt\/wp-json\/wp\/v2\/product\/630","targetHints":{"allow":["GET"]}}],"collection":[{"href":"https:\/\/mwm.com.br\/pt\/wp-json\/wp\/v2\/product"}],"about":[{"href":"https:\/\/mwm.com.br\/pt\/wp-json\/wp\/v2\/types\/product"}],"replies":[{"embeddable":true,"href":"https:\/\/mwm.com.br\/pt\/wp-json\/wp\/v2\/comments?post=630"}],"wp:featuredmedia":[{"embeddable":true,"href":"https:\/\/mwm.com.br\/pt\/wp-json\/wp\/v2\/media\/1266"}],"wp:attachment":[{"href":"https:\/\/mwm.com.br\/pt\/wp-json\/wp\/v2\/media?parent=630"}],"wp:term":[{"taxonomy":"product_brand","embeddable":true,"href":"https:\/\/mwm.com.br\/pt\/wp-json\/wp\/v2\/product_brand?post=630"},{"taxonomy":"product_cat","embeddable":true,"href":"https:\/\/mwm.com.br\/pt\/wp-json\/wp\/v2\/product_cat?post=630"},{"taxonomy":"product_tag","embeddable":true,"href":"https:\/\/mwm.com.br\/pt\/wp-json\/wp\/v2\/product_tag?post=630"}],"curies":[{"name":"wp","href":"https:\/\/api.w.org\/{rel}","templated":true}]}}